{"id":45423,"date":"2018-11-28T13:56:47","date_gmt":"2018-11-28T10:56:47","guid":{"rendered":"http:\/\/www.ramrolf.eu\/product\/lvdvieli-papira-basic-kitchen-90-ar-perforaciju-2-slani\/"},"modified":"2018-11-28T13:56:47","modified_gmt":"2018-11-28T10:56:47","slug":"lvdvieli-papira-basic-kitchen-90-ar-perforaciju-2-slani","status":"publish","type":"product","link":"https:\/\/ramrolf.lv\/lv\/product\/lvdvieli-papira-basic-kitchen-90-ar-perforaciju-2-slani\/","title":{"rendered":"*Dvie\u013ci pap\u012bra Basic Kitchen 90,  ar perfor\u0101ciju,  2 sl\u0101\u0146i"},"content":{"rendered":"","protected":false},"excerpt":{"rendered":"<p>Dvie\u013ci<\/p>\n","protected":false},"featured_media":45424,"template":"","meta":[],"product_cat":[510],"product_tag":[],"_links":{"self":[{"href":"https:\/\/ramrolf.lv\/lv\/wp-json\/wp\/v2\/product\/45423"}],"collection":[{"href":"https:\/\/ramrolf.lv\/lv\/wp-json\/wp\/v2\/product"}],"about":[{"href":"https:\/\/ramrolf.lv\/lv\/wp-json\/wp\/v2\/types\/product"}],"wp:featuredmedia":[{"embeddable":true,"href":"https:\/\/ramrolf.lv\/lv\/wp-json\/wp\/v2\/media\/45424"}],"wp:attachment":[{"href":"https:\/\/ramrolf.lv\/lv\/wp-json\/wp\/v2\/media?parent=45423"}],"wp:term":[{"taxonomy":"product_cat","embeddable":true,"href":"https:\/\/ramrolf.lv\/lv\/wp-json\/wp\/v2\/product_cat?post=45423"},{"taxonomy":"product_tag","embeddable":true,"href":"https:\/\/ramrolf.lv\/lv\/wp-json\/wp\/v2\/product_tag?post=45423"}],"curies":[{"name":"wp","href":"https:\/\/api.w.org\/{rel}","templated":true}]}}