{"id":45425,"date":"2018-11-28T13:56:47","date_gmt":"2018-11-28T10:56:47","guid":{"rendered":"http:\/\/www.ramrolf.eu\/product\/lvmops-kokvilna-250g-barkstains-ar-vitni\/"},"modified":"2018-11-28T13:56:47","modified_gmt":"2018-11-28T10:56:47","slug":"lvmops-kokvilna-250g-barkstains-ar-vitni","status":"publish","type":"product","link":"https:\/\/ramrolf.lv\/lv\/product\/lvmops-kokvilna-250g-barkstains-ar-vitni\/","title":{"rendered":"Mops kokvilna 250g. barkstains ar v\u012btni"},"content":{"rendered":"","protected":false},"excerpt":{"rendered":"<p>Slotas, mopi, birstes, liek\u0161\u0137eres<\/p>\n","protected":false},"featured_media":45426,"template":"","meta":[],"product_cat":[506],"product_tag":[],"_links":{"self":[{"href":"https:\/\/ramrolf.lv\/lv\/wp-json\/wp\/v2\/product\/45425"}],"collection":[{"href":"https:\/\/ramrolf.lv\/lv\/wp-json\/wp\/v2\/product"}],"about":[{"href":"https:\/\/ramrolf.lv\/lv\/wp-json\/wp\/v2\/types\/product"}],"wp:featuredmedia":[{"embeddable":true,"href":"https:\/\/ramrolf.lv\/lv\/wp-json\/wp\/v2\/media\/45426"}],"wp:attachment":[{"href":"https:\/\/ramrolf.lv\/lv\/wp-json\/wp\/v2\/media?parent=45425"}],"wp:term":[{"taxonomy":"product_cat","embeddable":true,"href":"https:\/\/ramrolf.lv\/lv\/wp-json\/wp\/v2\/product_cat?post=45425"},{"taxonomy":"product_tag","embeddable":true,"href":"https:\/\/ramrolf.lv\/lv\/wp-json\/wp\/v2\/product_tag?post=45425"}],"curies":[{"name":"wp","href":"https:\/\/api.w.org\/{rel}","templated":true}]}}