{"id":45433,"date":"2018-11-28T13:56:53","date_gmt":"2018-11-28T10:56:53","guid":{"rendered":"http:\/\/www.ramrolf.eu\/product\/lvformula-top-1l-trauku-mazgasanas-lidzeklis-antibakter-ewol\/"},"modified":"2018-11-28T13:56:53","modified_gmt":"2018-11-28T10:56:53","slug":"lvformula-top-1l-trauku-mazgasanas-lidzeklis-antibakter-ewol","status":"publish","type":"product","link":"https:\/\/ramrolf.lv\/lv\/product\/lvformula-top-1l-trauku-mazgasanas-lidzeklis-antibakter-ewol\/","title":{"rendered":"Formula TOP 1L trauku mazg\u0101\u0161anas l\u012bdzeklis,  antibakter. EWOL"},"content":{"rendered":"","protected":false},"excerpt":{"rendered":"<p>Trauku mazg\u0101\u0161anas l\u012bdzek\u013ci<\/p>\n","protected":false},"featured_media":45434,"template":"","meta":[],"product_cat":[503],"product_tag":[],"_links":{"self":[{"href":"https:\/\/ramrolf.lv\/lv\/wp-json\/wp\/v2\/product\/45433"}],"collection":[{"href":"https:\/\/ramrolf.lv\/lv\/wp-json\/wp\/v2\/product"}],"about":[{"href":"https:\/\/ramrolf.lv\/lv\/wp-json\/wp\/v2\/types\/product"}],"wp:featuredmedia":[{"embeddable":true,"href":"https:\/\/ramrolf.lv\/lv\/wp-json\/wp\/v2\/media\/45434"}],"wp:attachment":[{"href":"https:\/\/ramrolf.lv\/lv\/wp-json\/wp\/v2\/media?parent=45433"}],"wp:term":[{"taxonomy":"product_cat","embeddable":true,"href":"https:\/\/ramrolf.lv\/lv\/wp-json\/wp\/v2\/product_cat?post=45433"},{"taxonomy":"product_tag","embeddable":true,"href":"https:\/\/ramrolf.lv\/lv\/wp-json\/wp\/v2\/product_tag?post=45433"}],"curies":[{"name":"wp","href":"https:\/\/api.w.org\/{rel}","templated":true}]}}