{"id":45445,"date":"2018-11-28T13:56:57","date_gmt":"2018-11-28T10:56:57","guid":{"rendered":"http:\/\/www.ramrolf.eu\/product\/lvglass-antistatic-1l-stiklu-tirisanas-lidzeklis-ewol\/"},"modified":"2018-11-28T13:56:57","modified_gmt":"2018-11-28T10:56:57","slug":"lvglass-antistatic-1l-stiklu-tirisanas-lidzeklis-ewol","status":"publish","type":"product","link":"https:\/\/ramrolf.lv\/lv\/product\/lvglass-antistatic-1l-stiklu-tirisanas-lidzeklis-ewol\/","title":{"rendered":"GLASS Antistatic,  1L,  stiklu t\u012br\u012b\u0161anas l\u012bdzeklis,  EWOL"},"content":{"rendered":"","protected":false},"excerpt":{"rendered":"<p>Stiklu un spogu\u013cu t\u012br\u012b\u0161anas l\u012bdzek\u013ci<\/p>\n","protected":false},"featured_media":45446,"template":"","meta":[],"product_cat":[503],"product_tag":[],"_links":{"self":[{"href":"https:\/\/ramrolf.lv\/lv\/wp-json\/wp\/v2\/product\/45445"}],"collection":[{"href":"https:\/\/ramrolf.lv\/lv\/wp-json\/wp\/v2\/product"}],"about":[{"href":"https:\/\/ramrolf.lv\/lv\/wp-json\/wp\/v2\/types\/product"}],"wp:featuredmedia":[{"embeddable":true,"href":"https:\/\/ramrolf.lv\/lv\/wp-json\/wp\/v2\/media\/45446"}],"wp:attachment":[{"href":"https:\/\/ramrolf.lv\/lv\/wp-json\/wp\/v2\/media?parent=45445"}],"wp:term":[{"taxonomy":"product_cat","embeddable":true,"href":"https:\/\/ramrolf.lv\/lv\/wp-json\/wp\/v2\/product_cat?post=45445"},{"taxonomy":"product_tag","embeddable":true,"href":"https:\/\/ramrolf.lv\/lv\/wp-json\/wp\/v2\/product_tag?post=45445"}],"curies":[{"name":"wp","href":"https:\/\/api.w.org\/{rel}","templated":true}]}}