{"id":45467,"date":"2018-11-28T13:57:05","date_gmt":"2018-11-28T10:57:05","guid":{"rendered":"http:\/\/www.ramrolf.eu\/product\/lvsano-microwave-750ml-mikrovilnu-krasnim-tirisanas-lidzeklis\/"},"modified":"2018-11-28T13:57:05","modified_gmt":"2018-11-28T10:57:05","slug":"lvsano-microwave-750ml-mikrovilnu-krasnim-tirisanas-lidzeklis","status":"publish","type":"product","link":"https:\/\/ramrolf.lv\/lv\/product\/lvsano-microwave-750ml-mikrovilnu-krasnim-tirisanas-lidzeklis\/","title":{"rendered":"SANO Microwave 750ml mikrovi\u013c\u0146u kr\u0101sn\u012bm t\u012br\u012b\u0161anas l\u012bdzeklis"},"content":{"rendered":"","protected":false},"excerpt":{"rendered":"<p>Speci\u0101l\u0101 sadz\u012bves \u0137\u012bmija<\/p>\n","protected":false},"featured_media":45468,"template":"","meta":[],"product_cat":[503],"product_tag":[],"_links":{"self":[{"href":"https:\/\/ramrolf.lv\/lv\/wp-json\/wp\/v2\/product\/45467"}],"collection":[{"href":"https:\/\/ramrolf.lv\/lv\/wp-json\/wp\/v2\/product"}],"about":[{"href":"https:\/\/ramrolf.lv\/lv\/wp-json\/wp\/v2\/types\/product"}],"wp:featuredmedia":[{"embeddable":true,"href":"https:\/\/ramrolf.lv\/lv\/wp-json\/wp\/v2\/media\/45468"}],"wp:attachment":[{"href":"https:\/\/ramrolf.lv\/lv\/wp-json\/wp\/v2\/media?parent=45467"}],"wp:term":[{"taxonomy":"product_cat","embeddable":true,"href":"https:\/\/ramrolf.lv\/lv\/wp-json\/wp\/v2\/product_cat?post=45467"},{"taxonomy":"product_tag","embeddable":true,"href":"https:\/\/ramrolf.lv\/lv\/wp-json\/wp\/v2\/product_tag?post=45467"}],"curies":[{"name":"wp","href":"https:\/\/api.w.org\/{rel}","templated":true}]}}