{"id":45491,"date":"2018-11-28T13:57:16","date_gmt":"2018-11-28T10:57:16","guid":{"rendered":"http:\/\/www.ramrolf.eu\/product\/lvmaisini-14-8x3222x32-1000gab\/"},"modified":"2018-11-28T13:57:16","modified_gmt":"2018-11-28T10:57:16","slug":"lvmaisini-14-8x3222x32-1000gab","status":"publish","type":"product","link":"https:\/\/ramrolf.lv\/lv\/product\/lvmaisini-14-8x3222x32-1000gab\/","title":{"rendered":"Maisi\u0146i 14 8&#215;32(22&#215;32) 1000gab."},"content":{"rendered":"","protected":false},"excerpt":{"rendered":"<p>Maisi\u0146i iepako\u0161anai<\/p>\n","protected":false},"featured_media":45492,"template":"","meta":[],"product_cat":[504],"product_tag":[],"_links":{"self":[{"href":"https:\/\/ramrolf.lv\/lv\/wp-json\/wp\/v2\/product\/45491"}],"collection":[{"href":"https:\/\/ramrolf.lv\/lv\/wp-json\/wp\/v2\/product"}],"about":[{"href":"https:\/\/ramrolf.lv\/lv\/wp-json\/wp\/v2\/types\/product"}],"wp:featuredmedia":[{"embeddable":true,"href":"https:\/\/ramrolf.lv\/lv\/wp-json\/wp\/v2\/media\/45492"}],"wp:attachment":[{"href":"https:\/\/ramrolf.lv\/lv\/wp-json\/wp\/v2\/media?parent=45491"}],"wp:term":[{"taxonomy":"product_cat","embeddable":true,"href":"https:\/\/ramrolf.lv\/lv\/wp-json\/wp\/v2\/product_cat?post=45491"},{"taxonomy":"product_tag","embeddable":true,"href":"https:\/\/ramrolf.lv\/lv\/wp-json\/wp\/v2\/product_tag?post=45491"}],"curies":[{"name":"wp","href":"https:\/\/api.w.org\/{rel}","templated":true}]}}