{"id":45495,"date":"2018-11-28T13:57:17","date_gmt":"2018-11-28T10:57:17","guid":{"rendered":"http:\/\/www.ramrolf.eu\/product\/lvturetajs-ziepem-katrin-inclusive-1000ml-balts\/"},"modified":"2018-11-28T13:57:17","modified_gmt":"2018-11-28T10:57:17","slug":"lvturetajs-ziepem-katrin-inclusive-1000ml-balts","status":"publish","type":"product","link":"https:\/\/ramrolf.lv\/lv\/product\/lvturetajs-ziepem-katrin-inclusive-1000ml-balts\/","title":{"rendered":"Tur\u0113t\u0101js ziep\u0113m KATRIN Inclusive,  1000ml,  balts"},"content":{"rendered":"","protected":false},"excerpt":{"rendered":"<p>Ziepju tur\u0113t\u0101ji<\/p>\n","protected":false},"featured_media":45496,"template":"","meta":[],"product_cat":[507],"product_tag":[],"_links":{"self":[{"href":"https:\/\/ramrolf.lv\/lv\/wp-json\/wp\/v2\/product\/45495"}],"collection":[{"href":"https:\/\/ramrolf.lv\/lv\/wp-json\/wp\/v2\/product"}],"about":[{"href":"https:\/\/ramrolf.lv\/lv\/wp-json\/wp\/v2\/types\/product"}],"wp:featuredmedia":[{"embeddable":true,"href":"https:\/\/ramrolf.lv\/lv\/wp-json\/wp\/v2\/media\/45496"}],"wp:attachment":[{"href":"https:\/\/ramrolf.lv\/lv\/wp-json\/wp\/v2\/media?parent=45495"}],"wp:term":[{"taxonomy":"product_cat","embeddable":true,"href":"https:\/\/ramrolf.lv\/lv\/wp-json\/wp\/v2\/product_cat?post=45495"},{"taxonomy":"product_tag","embeddable":true,"href":"https:\/\/ramrolf.lv\/lv\/wp-json\/wp\/v2\/product_tag?post=45495"}],"curies":[{"name":"wp","href":"https:\/\/api.w.org\/{rel}","templated":true}]}}