{"id":45539,"date":"2018-11-28T13:57:34","date_gmt":"2018-11-28T10:57:34","guid":{"rendered":"http:\/\/www.ramrolf.eu\/product\/lvtualetes-papira-turetajs-tork-elevation-t2-melns\/"},"modified":"2018-11-28T13:57:34","modified_gmt":"2018-11-28T10:57:34","slug":"lvtualetes-papira-turetajs-tork-elevation-t2-melns","status":"publish","type":"product","link":"https:\/\/ramrolf.lv\/lv\/product\/lvtualetes-papira-turetajs-tork-elevation-t2-melns\/","title":{"rendered":"Tualetes pap\u012bra tur\u0113t\u0101js TORK Elevation T2,  melns"},"content":{"rendered":"","protected":false},"excerpt":{"rendered":"<p>Tualetes pap\u012bra tur\u0113t\u0101ji<\/p>\n","protected":false},"featured_media":45540,"template":"","meta":[],"product_cat":[507],"product_tag":[],"_links":{"self":[{"href":"https:\/\/ramrolf.lv\/lv\/wp-json\/wp\/v2\/product\/45539"}],"collection":[{"href":"https:\/\/ramrolf.lv\/lv\/wp-json\/wp\/v2\/product"}],"about":[{"href":"https:\/\/ramrolf.lv\/lv\/wp-json\/wp\/v2\/types\/product"}],"wp:featuredmedia":[{"embeddable":true,"href":"https:\/\/ramrolf.lv\/lv\/wp-json\/wp\/v2\/media\/45540"}],"wp:attachment":[{"href":"https:\/\/ramrolf.lv\/lv\/wp-json\/wp\/v2\/media?parent=45539"}],"wp:term":[{"taxonomy":"product_cat","embeddable":true,"href":"https:\/\/ramrolf.lv\/lv\/wp-json\/wp\/v2\/product_cat?post=45539"},{"taxonomy":"product_tag","embeddable":true,"href":"https:\/\/ramrolf.lv\/lv\/wp-json\/wp\/v2\/product_tag?post=45539"}],"curies":[{"name":"wp","href":"https:\/\/api.w.org\/{rel}","templated":true}]}}