{"id":45563,"date":"2018-11-28T13:57:44","date_gmt":"2018-11-28T10:57:44","guid":{"rendered":"http:\/\/www.ramrolf.eu\/product\/lvajax-stiklu-triskarsas-iedarbibas-tirisanas-lidzeklis-500ml\/"},"modified":"2018-11-28T13:57:44","modified_gmt":"2018-11-28T10:57:44","slug":"lvajax-stiklu-triskarsas-iedarbibas-tirisanas-lidzeklis-500ml","status":"publish","type":"product","link":"https:\/\/ramrolf.lv\/lv\/product\/lvajax-stiklu-triskarsas-iedarbibas-tirisanas-lidzeklis-500ml\/","title":{"rendered":"AJAX stiklu tr\u012bsk\u0101r\u0161as iedarb\u012bbas t\u012br\u012b\u0161anas l\u012bdzeklis,  500ml"},"content":{"rendered":"","protected":false},"excerpt":{"rendered":"<p>Stiklu un spogu\u013cu t\u012br\u012b\u0161anas l\u012bdzek\u013ci<\/p>\n","protected":false},"featured_media":45564,"template":"","meta":[],"product_cat":[503],"product_tag":[],"_links":{"self":[{"href":"https:\/\/ramrolf.lv\/lv\/wp-json\/wp\/v2\/product\/45563"}],"collection":[{"href":"https:\/\/ramrolf.lv\/lv\/wp-json\/wp\/v2\/product"}],"about":[{"href":"https:\/\/ramrolf.lv\/lv\/wp-json\/wp\/v2\/types\/product"}],"wp:featuredmedia":[{"embeddable":true,"href":"https:\/\/ramrolf.lv\/lv\/wp-json\/wp\/v2\/media\/45564"}],"wp:attachment":[{"href":"https:\/\/ramrolf.lv\/lv\/wp-json\/wp\/v2\/media?parent=45563"}],"wp:term":[{"taxonomy":"product_cat","embeddable":true,"href":"https:\/\/ramrolf.lv\/lv\/wp-json\/wp\/v2\/product_cat?post=45563"},{"taxonomy":"product_tag","embeddable":true,"href":"https:\/\/ramrolf.lv\/lv\/wp-json\/wp\/v2\/product_tag?post=45563"}],"curies":[{"name":"wp","href":"https:\/\/api.w.org\/{rel}","templated":true}]}}