{"id":45615,"date":"2018-11-28T13:58:07","date_gmt":"2018-11-28T10:58:07","guid":{"rendered":"http:\/\/www.ramrolf.eu\/product\/lvdvielis-katrin-basic-m-1-karta-300m-nebalinati\/"},"modified":"2018-11-28T13:58:07","modified_gmt":"2018-11-28T10:58:07","slug":"lvdvielis-katrin-basic-m-1-karta-300m-nebalinati","status":"publish","type":"product","link":"https:\/\/ramrolf.lv\/lv\/product\/lvdvielis-katrin-basic-m-1-karta-300m-nebalinati\/","title":{"rendered":"*Dvielis KATRIN Basic M,  1 k\u0101rta,  300m,  nebalin\u0101ti"},"content":{"rendered":"","protected":false},"excerpt":{"rendered":"<p>Dvie\u013ci ru\u013c\u013cos tur\u0113t\u0101jiem<\/p>\n","protected":false},"featured_media":45616,"template":"","meta":[],"product_cat":[510],"product_tag":[],"_links":{"self":[{"href":"https:\/\/ramrolf.lv\/lv\/wp-json\/wp\/v2\/product\/45615"}],"collection":[{"href":"https:\/\/ramrolf.lv\/lv\/wp-json\/wp\/v2\/product"}],"about":[{"href":"https:\/\/ramrolf.lv\/lv\/wp-json\/wp\/v2\/types\/product"}],"wp:featuredmedia":[{"embeddable":true,"href":"https:\/\/ramrolf.lv\/lv\/wp-json\/wp\/v2\/media\/45616"}],"wp:attachment":[{"href":"https:\/\/ramrolf.lv\/lv\/wp-json\/wp\/v2\/media?parent=45615"}],"wp:term":[{"taxonomy":"product_cat","embeddable":true,"href":"https:\/\/ramrolf.lv\/lv\/wp-json\/wp\/v2\/product_cat?post=45615"},{"taxonomy":"product_tag","embeddable":true,"href":"https:\/\/ramrolf.lv\/lv\/wp-json\/wp\/v2\/product_tag?post=45615"}],"curies":[{"name":"wp","href":"https:\/\/api.w.org\/{rel}","templated":true}]}}