{"id":45633,"date":"2018-11-28T13:58:14","date_gmt":"2018-11-28T10:58:14","guid":{"rendered":"http:\/\/www.ramrolf.eu\/product\/lvdvielis-katrin-classic-m2-2-kartas-152m-balti\/"},"modified":"2018-11-28T13:58:14","modified_gmt":"2018-11-28T10:58:14","slug":"lvdvielis-katrin-classic-m2-2-kartas-152m-balti","status":"publish","type":"product","link":"https:\/\/ramrolf.lv\/lv\/product\/lvdvielis-katrin-classic-m2-2-kartas-152m-balti\/","title":{"rendered":"Dvielis Katrin Classic M2,  2 k\u0101rtas,  152m,  balti"},"content":{"rendered":"","protected":false},"excerpt":{"rendered":"<p>Dvie\u013ci ru\u013c\u013cos tur\u0113t\u0101jiem<\/p>\n","protected":false},"featured_media":45634,"template":"","meta":[],"product_cat":[510],"product_tag":[],"_links":{"self":[{"href":"https:\/\/ramrolf.lv\/lv\/wp-json\/wp\/v2\/product\/45633"}],"collection":[{"href":"https:\/\/ramrolf.lv\/lv\/wp-json\/wp\/v2\/product"}],"about":[{"href":"https:\/\/ramrolf.lv\/lv\/wp-json\/wp\/v2\/types\/product"}],"wp:featuredmedia":[{"embeddable":true,"href":"https:\/\/ramrolf.lv\/lv\/wp-json\/wp\/v2\/media\/45634"}],"wp:attachment":[{"href":"https:\/\/ramrolf.lv\/lv\/wp-json\/wp\/v2\/media?parent=45633"}],"wp:term":[{"taxonomy":"product_cat","embeddable":true,"href":"https:\/\/ramrolf.lv\/lv\/wp-json\/wp\/v2\/product_cat?post=45633"},{"taxonomy":"product_tag","embeddable":true,"href":"https:\/\/ramrolf.lv\/lv\/wp-json\/wp\/v2\/product_tag?post=45633"}],"curies":[{"name":"wp","href":"https:\/\/api.w.org\/{rel}","templated":true}]}}