{"id":45653,"date":"2018-11-28T13:58:24","date_gmt":"2018-11-28T10:58:24","guid":{"rendered":"http:\/\/www.ramrolf.eu\/product\/lvajax-optimal-7-lemon-1l-universalais-tirisanas-lidzeklis\/"},"modified":"2018-11-28T13:58:24","modified_gmt":"2018-11-28T10:58:24","slug":"lvajax-optimal-7-lemon-1l-universalais-tirisanas-lidzeklis","status":"publish","type":"product","link":"https:\/\/ramrolf.lv\/lv\/product\/lvajax-optimal-7-lemon-1l-universalais-tirisanas-lidzeklis\/","title":{"rendered":"AJAX OPTIMAL 7 Lemon,  1L univers\u0101lais t\u012br\u012b\u0161anas l\u012bdzeklis"},"content":{"rendered":"","protected":false},"excerpt":{"rendered":"<p>Univers\u0101lie t\u012br\u012b\u0161anas un mazg\u0101\u0161anas l\u012bdzek\u013ci<\/p>\n","protected":false},"featured_media":45654,"template":"","meta":[],"product_cat":[503],"product_tag":[],"_links":{"self":[{"href":"https:\/\/ramrolf.lv\/lv\/wp-json\/wp\/v2\/product\/45653"}],"collection":[{"href":"https:\/\/ramrolf.lv\/lv\/wp-json\/wp\/v2\/product"}],"about":[{"href":"https:\/\/ramrolf.lv\/lv\/wp-json\/wp\/v2\/types\/product"}],"wp:featuredmedia":[{"embeddable":true,"href":"https:\/\/ramrolf.lv\/lv\/wp-json\/wp\/v2\/media\/45654"}],"wp:attachment":[{"href":"https:\/\/ramrolf.lv\/lv\/wp-json\/wp\/v2\/media?parent=45653"}],"wp:term":[{"taxonomy":"product_cat","embeddable":true,"href":"https:\/\/ramrolf.lv\/lv\/wp-json\/wp\/v2\/product_cat?post=45653"},{"taxonomy":"product_tag","embeddable":true,"href":"https:\/\/ramrolf.lv\/lv\/wp-json\/wp\/v2\/product_tag?post=45653"}],"curies":[{"name":"wp","href":"https:\/\/api.w.org\/{rel}","templated":true}]}}