{"id":45681,"date":"2018-11-28T13:58:35","date_gmt":"2018-11-28T10:58:35","guid":{"rendered":"http:\/\/www.ramrolf.eu\/product\/lvturetajs-dvieliem-loksnes-katrin-inclusive-mini-balts\/"},"modified":"2018-11-28T13:58:35","modified_gmt":"2018-11-28T10:58:35","slug":"lvturetajs-dvieliem-loksnes-katrin-inclusive-mini-balts","status":"publish","type":"product","link":"https:\/\/ramrolf.lv\/lv\/product\/lvturetajs-dvieliem-loksnes-katrin-inclusive-mini-balts\/","title":{"rendered":"Tur\u0113t\u0101js dvie\u013ciem loksn\u0113s KATRIN Inclusive Mini,  balts"},"content":{"rendered":"","protected":false},"excerpt":{"rendered":"<p>Pap\u012bra dvie\u013cu tur\u0113t\u0101ji<\/p>\n","protected":false},"featured_media":45682,"template":"","meta":[],"product_cat":[507],"product_tag":[],"_links":{"self":[{"href":"https:\/\/ramrolf.lv\/lv\/wp-json\/wp\/v2\/product\/45681"}],"collection":[{"href":"https:\/\/ramrolf.lv\/lv\/wp-json\/wp\/v2\/product"}],"about":[{"href":"https:\/\/ramrolf.lv\/lv\/wp-json\/wp\/v2\/types\/product"}],"wp:featuredmedia":[{"embeddable":true,"href":"https:\/\/ramrolf.lv\/lv\/wp-json\/wp\/v2\/media\/45682"}],"wp:attachment":[{"href":"https:\/\/ramrolf.lv\/lv\/wp-json\/wp\/v2\/media?parent=45681"}],"wp:term":[{"taxonomy":"product_cat","embeddable":true,"href":"https:\/\/ramrolf.lv\/lv\/wp-json\/wp\/v2\/product_cat?post=45681"},{"taxonomy":"product_tag","embeddable":true,"href":"https:\/\/ramrolf.lv\/lv\/wp-json\/wp\/v2\/product_tag?post=45681"}],"curies":[{"name":"wp","href":"https:\/\/api.w.org\/{rel}","templated":true}]}}