{"id":45685,"date":"2018-11-28T13:58:37","date_gmt":"2018-11-28T10:58:37","guid":{"rendered":"http:\/\/www.ramrolf.eu\/product\/lvpleve-palesu-45-300m-20-mikroni-melna-krasa-lldpe-2-272kg\/"},"modified":"2018-11-28T13:58:37","modified_gmt":"2018-11-28T10:58:37","slug":"lvpleve-palesu-45-300m-20-mikroni-melna-krasa-lldpe-2-272kg","status":"publish","type":"product","link":"https:\/\/ramrolf.lv\/lv\/product\/lvpleve-palesu-45-300m-20-mikroni-melna-krasa-lldpe-2-272kg\/","title":{"rendered":"Pl\u0113ve pale\u0161u 45\/300m 20 mikroni,  melna kr\u0101sa  LLDPE  2.272kg"},"content":{"rendered":"","protected":false},"excerpt":{"rendered":"<p>Produktu un pale\u0161u pl\u0113ve<\/p>\n","protected":false},"featured_media":45686,"template":"","meta":[],"product_cat":[504],"product_tag":[],"_links":{"self":[{"href":"https:\/\/ramrolf.lv\/lv\/wp-json\/wp\/v2\/product\/45685"}],"collection":[{"href":"https:\/\/ramrolf.lv\/lv\/wp-json\/wp\/v2\/product"}],"about":[{"href":"https:\/\/ramrolf.lv\/lv\/wp-json\/wp\/v2\/types\/product"}],"wp:featuredmedia":[{"embeddable":true,"href":"https:\/\/ramrolf.lv\/lv\/wp-json\/wp\/v2\/media\/45686"}],"wp:attachment":[{"href":"https:\/\/ramrolf.lv\/lv\/wp-json\/wp\/v2\/media?parent=45685"}],"wp:term":[{"taxonomy":"product_cat","embeddable":true,"href":"https:\/\/ramrolf.lv\/lv\/wp-json\/wp\/v2\/product_cat?post=45685"},{"taxonomy":"product_tag","embeddable":true,"href":"https:\/\/ramrolf.lv\/lv\/wp-json\/wp\/v2\/product_tag?post=45685"}],"curies":[{"name":"wp","href":"https:\/\/api.w.org\/{rel}","templated":true}]}}