{"id":45723,"date":"2018-11-28T13:58:52","date_gmt":"2018-11-28T10:58:52","guid":{"rendered":"http:\/\/www.ramrolf.eu\/product\/lvcillit-wc-lemon-500ml-50-tualetes-tirisanas-lidzeklis\/"},"modified":"2018-11-28T13:58:52","modified_gmt":"2018-11-28T10:58:52","slug":"lvcillit-wc-lemon-500ml-50-tualetes-tirisanas-lidzeklis","status":"publish","type":"product","link":"https:\/\/ramrolf.lv\/lv\/product\/lvcillit-wc-lemon-500ml-50-tualetes-tirisanas-lidzeklis\/","title":{"rendered":"CILLIT WC Lemon 500ml 50% tualetes t\u012br\u012b\u0161anas l\u012bdzeklis"},"content":{"rendered":"","protected":false},"excerpt":{"rendered":"<p>Sanit\u0101ro telpu t\u012br\u012b\u0161anas l\u012bdzek\u013ci<\/p>\n","protected":false},"featured_media":45724,"template":"","meta":[],"product_cat":[503],"product_tag":[],"_links":{"self":[{"href":"https:\/\/ramrolf.lv\/lv\/wp-json\/wp\/v2\/product\/45723"}],"collection":[{"href":"https:\/\/ramrolf.lv\/lv\/wp-json\/wp\/v2\/product"}],"about":[{"href":"https:\/\/ramrolf.lv\/lv\/wp-json\/wp\/v2\/types\/product"}],"wp:featuredmedia":[{"embeddable":true,"href":"https:\/\/ramrolf.lv\/lv\/wp-json\/wp\/v2\/media\/45724"}],"wp:attachment":[{"href":"https:\/\/ramrolf.lv\/lv\/wp-json\/wp\/v2\/media?parent=45723"}],"wp:term":[{"taxonomy":"product_cat","embeddable":true,"href":"https:\/\/ramrolf.lv\/lv\/wp-json\/wp\/v2\/product_cat?post=45723"},{"taxonomy":"product_tag","embeddable":true,"href":"https:\/\/ramrolf.lv\/lv\/wp-json\/wp\/v2\/product_tag?post=45723"}],"curies":[{"name":"wp","href":"https:\/\/api.w.org\/{rel}","templated":true}]}}