{"id":45735,"date":"2018-11-28T13:58:56","date_gmt":"2018-11-28T10:58:56","guid":{"rendered":"http:\/\/www.ramrolf.eu\/product\/lvformula-agd-green-5l-gridas-mazgasanas-lidzeklis-ewol\/"},"modified":"2018-11-28T13:58:56","modified_gmt":"2018-11-28T10:58:56","slug":"lvformula-agd-green-5l-gridas-mazgasanas-lidzeklis-ewol","status":"publish","type":"product","link":"https:\/\/ramrolf.lv\/lv\/product\/lvformula-agd-green-5l-gridas-mazgasanas-lidzeklis-ewol\/","title":{"rendered":"Formula AGD Green 5L gr\u012bdas mazg\u0101\u0161anas l\u012bdzeklis,  EWOL"},"content":{"rendered":"","protected":false},"excerpt":{"rendered":"<p>Gr\u012bdu kop\u0161anas l\u012bdzek\u013ci<\/p>\n","protected":false},"featured_media":45736,"template":"","meta":[],"product_cat":[503],"product_tag":[],"_links":{"self":[{"href":"https:\/\/ramrolf.lv\/lv\/wp-json\/wp\/v2\/product\/45735"}],"collection":[{"href":"https:\/\/ramrolf.lv\/lv\/wp-json\/wp\/v2\/product"}],"about":[{"href":"https:\/\/ramrolf.lv\/lv\/wp-json\/wp\/v2\/types\/product"}],"wp:featuredmedia":[{"embeddable":true,"href":"https:\/\/ramrolf.lv\/lv\/wp-json\/wp\/v2\/media\/45736"}],"wp:attachment":[{"href":"https:\/\/ramrolf.lv\/lv\/wp-json\/wp\/v2\/media?parent=45735"}],"wp:term":[{"taxonomy":"product_cat","embeddable":true,"href":"https:\/\/ramrolf.lv\/lv\/wp-json\/wp\/v2\/product_cat?post=45735"},{"taxonomy":"product_tag","embeddable":true,"href":"https:\/\/ramrolf.lv\/lv\/wp-json\/wp\/v2\/product_tag?post=45735"}],"curies":[{"name":"wp","href":"https:\/\/api.w.org\/{rel}","templated":true}]}}