{"id":45753,"date":"2018-11-28T13:59:02","date_gmt":"2018-11-28T10:59:02","guid":{"rendered":"http:\/\/www.ramrolf.eu\/product\/lvdvieli-salvetes-katrin-classic-one-stop-m2\/"},"modified":"2018-11-28T13:59:02","modified_gmt":"2018-11-28T10:59:02","slug":"lvdvieli-salvetes-katrin-classic-one-stop-m2","status":"publish","type":"product","link":"https:\/\/ramrolf.lv\/lv\/product\/lvdvieli-salvetes-katrin-classic-one-stop-m2\/","title":{"rendered":"Dvie\u013ci-salvetes KATRIN Classic One Stop M2"},"content":{"rendered":"","protected":false},"excerpt":{"rendered":"<p>Dvie\u013ci loksn\u0113s tur\u0113t\u0101jiem<\/p>\n","protected":false},"featured_media":45754,"template":"","meta":[],"product_cat":[510],"product_tag":[],"_links":{"self":[{"href":"https:\/\/ramrolf.lv\/lv\/wp-json\/wp\/v2\/product\/45753"}],"collection":[{"href":"https:\/\/ramrolf.lv\/lv\/wp-json\/wp\/v2\/product"}],"about":[{"href":"https:\/\/ramrolf.lv\/lv\/wp-json\/wp\/v2\/types\/product"}],"wp:featuredmedia":[{"embeddable":true,"href":"https:\/\/ramrolf.lv\/lv\/wp-json\/wp\/v2\/media\/45754"}],"wp:attachment":[{"href":"https:\/\/ramrolf.lv\/lv\/wp-json\/wp\/v2\/media?parent=45753"}],"wp:term":[{"taxonomy":"product_cat","embeddable":true,"href":"https:\/\/ramrolf.lv\/lv\/wp-json\/wp\/v2\/product_cat?post=45753"},{"taxonomy":"product_tag","embeddable":true,"href":"https:\/\/ramrolf.lv\/lv\/wp-json\/wp\/v2\/product_tag?post=45753"}],"curies":[{"name":"wp","href":"https:\/\/api.w.org\/{rel}","templated":true}]}}