{"id":45755,"date":"2018-11-28T13:59:03","date_gmt":"2018-11-28T10:59:03","guid":{"rendered":"http:\/\/www.ramrolf.eu\/product\/lvtualetes-papirs-katrin-classic-toilet-23-4m-8-rulli-2-slan\/"},"modified":"2018-11-28T13:59:03","modified_gmt":"2018-11-28T10:59:03","slug":"lvtualetes-papirs-katrin-classic-toilet-23-4m-8-rulli-2-slan","status":"publish","type":"product","link":"https:\/\/ramrolf.lv\/lv\/product\/lvtualetes-papirs-katrin-classic-toilet-23-4m-8-rulli-2-slan\/","title":{"rendered":"Tualetes pap\u012brs KATRIN Classic Toilet 23, 4m 8 ru\u013c\u013ci,  2 sl\u0101\u0146"},"content":{"rendered":"","protected":false},"excerpt":{"rendered":"<p>Tualetes pap\u012brs<\/p>\n","protected":false},"featured_media":45756,"template":"","meta":[],"product_cat":[511],"product_tag":[],"_links":{"self":[{"href":"https:\/\/ramrolf.lv\/lv\/wp-json\/wp\/v2\/product\/45755"}],"collection":[{"href":"https:\/\/ramrolf.lv\/lv\/wp-json\/wp\/v2\/product"}],"about":[{"href":"https:\/\/ramrolf.lv\/lv\/wp-json\/wp\/v2\/types\/product"}],"wp:featuredmedia":[{"embeddable":true,"href":"https:\/\/ramrolf.lv\/lv\/wp-json\/wp\/v2\/media\/45756"}],"wp:attachment":[{"href":"https:\/\/ramrolf.lv\/lv\/wp-json\/wp\/v2\/media?parent=45755"}],"wp:term":[{"taxonomy":"product_cat","embeddable":true,"href":"https:\/\/ramrolf.lv\/lv\/wp-json\/wp\/v2\/product_cat?post=45755"},{"taxonomy":"product_tag","embeddable":true,"href":"https:\/\/ramrolf.lv\/lv\/wp-json\/wp\/v2\/product_tag?post=45755"}],"curies":[{"name":"wp","href":"https:\/\/api.w.org\/{rel}","templated":true}]}}