{"id":45757,"date":"2018-11-28T13:59:03","date_gmt":"2018-11-28T10:59:03","guid":{"rendered":"http:\/\/www.ramrolf.eu\/product\/lvsano-floor-fresh-relaxing-spa-1l-gridas-mazgasanas-lidz\/"},"modified":"2018-11-28T13:59:03","modified_gmt":"2018-11-28T10:59:03","slug":"lvsano-floor-fresh-relaxing-spa-1l-gridas-mazgasanas-lidz","status":"publish","type":"product","link":"https:\/\/ramrolf.lv\/lv\/product\/lvsano-floor-fresh-relaxing-spa-1l-gridas-mazgasanas-lidz\/","title":{"rendered":"SANO Floor Fresh Relaxing Spa,  1L gr\u012bdas mazg\u0101\u0161anas l\u012bdz."},"content":{"rendered":"","protected":false},"excerpt":{"rendered":"<p>Gr\u012bdu kop\u0161anas l\u012bdzek\u013ci<\/p>\n","protected":false},"featured_media":45758,"template":"","meta":[],"product_cat":[503],"product_tag":[],"_links":{"self":[{"href":"https:\/\/ramrolf.lv\/lv\/wp-json\/wp\/v2\/product\/45757"}],"collection":[{"href":"https:\/\/ramrolf.lv\/lv\/wp-json\/wp\/v2\/product"}],"about":[{"href":"https:\/\/ramrolf.lv\/lv\/wp-json\/wp\/v2\/types\/product"}],"wp:featuredmedia":[{"embeddable":true,"href":"https:\/\/ramrolf.lv\/lv\/wp-json\/wp\/v2\/media\/45758"}],"wp:attachment":[{"href":"https:\/\/ramrolf.lv\/lv\/wp-json\/wp\/v2\/media?parent=45757"}],"wp:term":[{"taxonomy":"product_cat","embeddable":true,"href":"https:\/\/ramrolf.lv\/lv\/wp-json\/wp\/v2\/product_cat?post=45757"},{"taxonomy":"product_tag","embeddable":true,"href":"https:\/\/ramrolf.lv\/lv\/wp-json\/wp\/v2\/product_tag?post=45757"}],"curies":[{"name":"wp","href":"https:\/\/api.w.org\/{rel}","templated":true}]}}