{"id":45761,"date":"2018-11-28T13:59:06","date_gmt":"2018-11-28T10:59:06","guid":{"rendered":"http:\/\/www.ramrolf.eu\/product\/lvmaisini-ar-rokt-30x18x55-12mik-kras-100g-hdpe\/"},"modified":"2018-11-28T13:59:06","modified_gmt":"2018-11-28T10:59:06","slug":"lvmaisini-ar-rokt-30x18x55-12mik-kras-100g-hdpe","status":"publish","type":"product","link":"https:\/\/ramrolf.lv\/lv\/product\/lvmaisini-ar-rokt-30x18x55-12mik-kras-100g-hdpe\/","title":{"rendered":"Maisi\u0146i ar rokt.30x18x55\/12mik kr\u0101s.100g,  HDPE"},"content":{"rendered":"","protected":false},"excerpt":{"rendered":"<p>Maisi\u0146i iepako\u0161anai<\/p>\n","protected":false},"featured_media":45762,"template":"","meta":[],"product_cat":[504],"product_tag":[],"_links":{"self":[{"href":"https:\/\/ramrolf.lv\/lv\/wp-json\/wp\/v2\/product\/45761"}],"collection":[{"href":"https:\/\/ramrolf.lv\/lv\/wp-json\/wp\/v2\/product"}],"about":[{"href":"https:\/\/ramrolf.lv\/lv\/wp-json\/wp\/v2\/types\/product"}],"wp:featuredmedia":[{"embeddable":true,"href":"https:\/\/ramrolf.lv\/lv\/wp-json\/wp\/v2\/media\/45762"}],"wp:attachment":[{"href":"https:\/\/ramrolf.lv\/lv\/wp-json\/wp\/v2\/media?parent=45761"}],"wp:term":[{"taxonomy":"product_cat","embeddable":true,"href":"https:\/\/ramrolf.lv\/lv\/wp-json\/wp\/v2\/product_cat?post=45761"},{"taxonomy":"product_tag","embeddable":true,"href":"https:\/\/ramrolf.lv\/lv\/wp-json\/wp\/v2\/product_tag?post=45761"}],"curies":[{"name":"wp","href":"https:\/\/api.w.org\/{rel}","templated":true}]}}