{"id":45767,"date":"2018-11-28T13:59:08","date_gmt":"2018-11-28T10:59:08","guid":{"rendered":"http:\/\/www.ramrolf.eu\/product\/lvastonish-stainlees-steel-cleaner-750ml\/"},"modified":"2018-11-28T13:59:08","modified_gmt":"2018-11-28T10:59:08","slug":"lvastonish-stainlees-steel-cleaner-750ml","status":"publish","type":"product","link":"https:\/\/ramrolf.lv\/lv\/product\/lvastonish-stainlees-steel-cleaner-750ml\/","title":{"rendered":"ASTONISH Stainlees Steel Cleaner 750ml"},"content":{"rendered":"","protected":false},"excerpt":{"rendered":"<p>Speci\u0101l\u0101 sadz\u012bves \u0137\u012bmija<\/p>\n","protected":false},"featured_media":45768,"template":"","meta":[],"product_cat":[503],"product_tag":[],"_links":{"self":[{"href":"https:\/\/ramrolf.lv\/lv\/wp-json\/wp\/v2\/product\/45767"}],"collection":[{"href":"https:\/\/ramrolf.lv\/lv\/wp-json\/wp\/v2\/product"}],"about":[{"href":"https:\/\/ramrolf.lv\/lv\/wp-json\/wp\/v2\/types\/product"}],"wp:featuredmedia":[{"embeddable":true,"href":"https:\/\/ramrolf.lv\/lv\/wp-json\/wp\/v2\/media\/45768"}],"wp:attachment":[{"href":"https:\/\/ramrolf.lv\/lv\/wp-json\/wp\/v2\/media?parent=45767"}],"wp:term":[{"taxonomy":"product_cat","embeddable":true,"href":"https:\/\/ramrolf.lv\/lv\/wp-json\/wp\/v2\/product_cat?post=45767"},{"taxonomy":"product_tag","embeddable":true,"href":"https:\/\/ramrolf.lv\/lv\/wp-json\/wp\/v2\/product_tag?post=45767"}],"curies":[{"name":"wp","href":"https:\/\/api.w.org\/{rel}","templated":true}]}}