{"id":45769,"date":"2018-11-28T13:59:09","date_gmt":"2018-11-28T10:59:09","guid":{"rendered":"http:\/\/www.ramrolf.eu\/product\/lvastonish-kitchen-virtuves-lidz-750ml\/"},"modified":"2018-11-28T13:59:09","modified_gmt":"2018-11-28T10:59:09","slug":"lvastonish-kitchen-virtuves-lidz-750ml","status":"publish","type":"product","link":"https:\/\/ramrolf.lv\/lv\/product\/lvastonish-kitchen-virtuves-lidz-750ml\/","title":{"rendered":"ASTONISH Kitchen virtuves l\u012bdz. 750ml"},"content":{"rendered":"","protected":false},"excerpt":{"rendered":"<p>Univers\u0101lie t\u012br\u012b\u0161anas un mazg\u0101\u0161anas l\u012bdzek\u013ci<\/p>\n","protected":false},"featured_media":45770,"template":"","meta":[],"product_cat":[503],"product_tag":[],"_links":{"self":[{"href":"https:\/\/ramrolf.lv\/lv\/wp-json\/wp\/v2\/product\/45769"}],"collection":[{"href":"https:\/\/ramrolf.lv\/lv\/wp-json\/wp\/v2\/product"}],"about":[{"href":"https:\/\/ramrolf.lv\/lv\/wp-json\/wp\/v2\/types\/product"}],"wp:featuredmedia":[{"embeddable":true,"href":"https:\/\/ramrolf.lv\/lv\/wp-json\/wp\/v2\/media\/45770"}],"wp:attachment":[{"href":"https:\/\/ramrolf.lv\/lv\/wp-json\/wp\/v2\/media?parent=45769"}],"wp:term":[{"taxonomy":"product_cat","embeddable":true,"href":"https:\/\/ramrolf.lv\/lv\/wp-json\/wp\/v2\/product_cat?post=45769"},{"taxonomy":"product_tag","embeddable":true,"href":"https:\/\/ramrolf.lv\/lv\/wp-json\/wp\/v2\/product_tag?post=45769"}],"curies":[{"name":"wp","href":"https:\/\/api.w.org\/{rel}","templated":true}]}}