{"id":45773,"date":"2018-11-28T13:59:11","date_gmt":"2018-11-28T10:59:11","guid":{"rendered":"http:\/\/www.ramrolf.eu\/product\/lvdvielis-tork-universal-310-m1-20-5cm-x115md-14cm-1-slanis\/"},"modified":"2018-11-28T13:59:11","modified_gmt":"2018-11-28T10:59:11","slug":"lvdvielis-tork-universal-310-m1-20-5cm-x115md-14cm-1-slanis","status":"publish","type":"product","link":"https:\/\/ramrolf.lv\/lv\/product\/lvdvielis-tork-universal-310-m1-20-5cm-x115md-14cm-1-slanis\/","title":{"rendered":"Dvielis TORK Universal 310 M1 20.5cm x115m(d-14cm) 1 sl\u0101nis"},"content":{"rendered":"","protected":false},"excerpt":{"rendered":"<p>Dvie\u013ci ru\u013c\u013cos tur\u0113t\u0101jiem<\/p>\n","protected":false},"featured_media":45774,"template":"","meta":[],"product_cat":[510],"product_tag":[],"_links":{"self":[{"href":"https:\/\/ramrolf.lv\/lv\/wp-json\/wp\/v2\/product\/45773"}],"collection":[{"href":"https:\/\/ramrolf.lv\/lv\/wp-json\/wp\/v2\/product"}],"about":[{"href":"https:\/\/ramrolf.lv\/lv\/wp-json\/wp\/v2\/types\/product"}],"wp:featuredmedia":[{"embeddable":true,"href":"https:\/\/ramrolf.lv\/lv\/wp-json\/wp\/v2\/media\/45774"}],"wp:attachment":[{"href":"https:\/\/ramrolf.lv\/lv\/wp-json\/wp\/v2\/media?parent=45773"}],"wp:term":[{"taxonomy":"product_cat","embeddable":true,"href":"https:\/\/ramrolf.lv\/lv\/wp-json\/wp\/v2\/product_cat?post=45773"},{"taxonomy":"product_tag","embeddable":true,"href":"https:\/\/ramrolf.lv\/lv\/wp-json\/wp\/v2\/product_tag?post=45773"}],"curies":[{"name":"wp","href":"https:\/\/api.w.org\/{rel}","templated":true}]}}