{"id":45787,"date":"2018-11-28T13:59:18","date_gmt":"2018-11-28T10:59:18","guid":{"rendered":"http:\/\/www.ramrolf.eu\/product\/lvfairy-abols-900ml-trauku-mazgasanas-lidzeklis\/"},"modified":"2018-11-28T13:59:18","modified_gmt":"2018-11-28T10:59:18","slug":"lvfairy-abols-900ml-trauku-mazgasanas-lidzeklis","status":"publish","type":"product","link":"https:\/\/ramrolf.lv\/lv\/product\/lvfairy-abols-900ml-trauku-mazgasanas-lidzeklis\/","title":{"rendered":"FAIRY \u0100bols 900ml trauku mazg\u0101\u0161anas l\u012bdzeklis"},"content":{"rendered":"","protected":false},"excerpt":{"rendered":"<p>Trauku mazg\u0101\u0161anas l\u012bdzek\u013ci<\/p>\n","protected":false},"featured_media":45788,"template":"","meta":[],"product_cat":[503],"product_tag":[],"_links":{"self":[{"href":"https:\/\/ramrolf.lv\/lv\/wp-json\/wp\/v2\/product\/45787"}],"collection":[{"href":"https:\/\/ramrolf.lv\/lv\/wp-json\/wp\/v2\/product"}],"about":[{"href":"https:\/\/ramrolf.lv\/lv\/wp-json\/wp\/v2\/types\/product"}],"wp:featuredmedia":[{"embeddable":true,"href":"https:\/\/ramrolf.lv\/lv\/wp-json\/wp\/v2\/media\/45788"}],"wp:attachment":[{"href":"https:\/\/ramrolf.lv\/lv\/wp-json\/wp\/v2\/media?parent=45787"}],"wp:term":[{"taxonomy":"product_cat","embeddable":true,"href":"https:\/\/ramrolf.lv\/lv\/wp-json\/wp\/v2\/product_cat?post=45787"},{"taxonomy":"product_tag","embeddable":true,"href":"https:\/\/ramrolf.lv\/lv\/wp-json\/wp\/v2\/product_tag?post=45787"}],"curies":[{"name":"wp","href":"https:\/\/api.w.org\/{rel}","templated":true}]}}