{"id":45795,"date":"2018-11-28T13:59:21","date_gmt":"2018-11-28T10:59:21","guid":{"rendered":"http:\/\/www.ramrolf.eu\/product\/lvsano-floor-fresh-pampering-cotton-1l-gridas-mazgasanas-lidz\/"},"modified":"2018-11-28T13:59:21","modified_gmt":"2018-11-28T10:59:21","slug":"lvsano-floor-fresh-pampering-cotton-1l-gridas-mazgasanas-lidz","status":"publish","type":"product","link":"https:\/\/ramrolf.lv\/lv\/product\/lvsano-floor-fresh-pampering-cotton-1l-gridas-mazgasanas-lidz\/","title":{"rendered":"SANO Floor Fresh Pampering Cotton, 1L gr\u012bdas mazg\u0101\u0161anas l\u012bdz."},"content":{"rendered":"","protected":false},"excerpt":{"rendered":"<p>Gr\u012bdu kop\u0161anas l\u012bdzek\u013ci<\/p>\n","protected":false},"featured_media":45796,"template":"","meta":[],"product_cat":[503],"product_tag":[],"_links":{"self":[{"href":"https:\/\/ramrolf.lv\/lv\/wp-json\/wp\/v2\/product\/45795"}],"collection":[{"href":"https:\/\/ramrolf.lv\/lv\/wp-json\/wp\/v2\/product"}],"about":[{"href":"https:\/\/ramrolf.lv\/lv\/wp-json\/wp\/v2\/types\/product"}],"wp:featuredmedia":[{"embeddable":true,"href":"https:\/\/ramrolf.lv\/lv\/wp-json\/wp\/v2\/media\/45796"}],"wp:attachment":[{"href":"https:\/\/ramrolf.lv\/lv\/wp-json\/wp\/v2\/media?parent=45795"}],"wp:term":[{"taxonomy":"product_cat","embeddable":true,"href":"https:\/\/ramrolf.lv\/lv\/wp-json\/wp\/v2\/product_cat?post=45795"},{"taxonomy":"product_tag","embeddable":true,"href":"https:\/\/ramrolf.lv\/lv\/wp-json\/wp\/v2\/product_tag?post=45795"}],"curies":[{"name":"wp","href":"https:\/\/api.w.org\/{rel}","templated":true}]}}