{"id":45801,"date":"2018-11-28T13:59:22","date_gmt":"2018-11-28T10:59:22","guid":{"rendered":"http:\/\/www.ramrolf.eu\/product\/lvturetajs-dvieliem-loksnes-katrin-m-no-metala-balts\/"},"modified":"2018-11-28T13:59:22","modified_gmt":"2018-11-28T10:59:22","slug":"lvturetajs-dvieliem-loksnes-katrin-m-no-metala-balts","status":"publish","type":"product","link":"https:\/\/ramrolf.lv\/lv\/product\/lvturetajs-dvieliem-loksnes-katrin-m-no-metala-balts\/","title":{"rendered":"Tur\u0113t\u0101js dvie\u013ciem loksn\u0113s KATRIN M no met\u0101la,  balts"},"content":{"rendered":"","protected":false},"excerpt":{"rendered":"<p>Pap\u012bra dvie\u013cu tur\u0113t\u0101ji<\/p>\n","protected":false},"featured_media":45802,"template":"","meta":[],"product_cat":[507],"product_tag":[],"_links":{"self":[{"href":"https:\/\/ramrolf.lv\/lv\/wp-json\/wp\/v2\/product\/45801"}],"collection":[{"href":"https:\/\/ramrolf.lv\/lv\/wp-json\/wp\/v2\/product"}],"about":[{"href":"https:\/\/ramrolf.lv\/lv\/wp-json\/wp\/v2\/types\/product"}],"wp:featuredmedia":[{"embeddable":true,"href":"https:\/\/ramrolf.lv\/lv\/wp-json\/wp\/v2\/media\/45802"}],"wp:attachment":[{"href":"https:\/\/ramrolf.lv\/lv\/wp-json\/wp\/v2\/media?parent=45801"}],"wp:term":[{"taxonomy":"product_cat","embeddable":true,"href":"https:\/\/ramrolf.lv\/lv\/wp-json\/wp\/v2\/product_cat?post=45801"},{"taxonomy":"product_tag","embeddable":true,"href":"https:\/\/ramrolf.lv\/lv\/wp-json\/wp\/v2\/product_tag?post=45801"}],"curies":[{"name":"wp","href":"https:\/\/api.w.org\/{rel}","templated":true}]}}