{"id":45813,"date":"2018-11-28T13:59:27","date_gmt":"2018-11-28T10:59:27","guid":{"rendered":"http:\/\/www.ramrolf.eu\/product\/lvmaisini-ar-rokt-35x16x64-25mik-kras-hdpe\/"},"modified":"2018-11-28T13:59:27","modified_gmt":"2018-11-28T10:59:27","slug":"lvmaisini-ar-rokt-35x16x64-25mik-kras-hdpe","status":"publish","type":"product","link":"https:\/\/ramrolf.lv\/lv\/product\/lvmaisini-ar-rokt-35x16x64-25mik-kras-hdpe\/","title":{"rendered":"Maisi\u0146i ar rokt.35x16x64\/25mik kr\u0101s.,  HDPE"},"content":{"rendered":"","protected":false},"excerpt":{"rendered":"<p>Maisi\u0146i iepako\u0161anai<\/p>\n","protected":false},"featured_media":45814,"template":"","meta":[],"product_cat":[504],"product_tag":[],"_links":{"self":[{"href":"https:\/\/ramrolf.lv\/lv\/wp-json\/wp\/v2\/product\/45813"}],"collection":[{"href":"https:\/\/ramrolf.lv\/lv\/wp-json\/wp\/v2\/product"}],"about":[{"href":"https:\/\/ramrolf.lv\/lv\/wp-json\/wp\/v2\/types\/product"}],"wp:featuredmedia":[{"embeddable":true,"href":"https:\/\/ramrolf.lv\/lv\/wp-json\/wp\/v2\/media\/45814"}],"wp:attachment":[{"href":"https:\/\/ramrolf.lv\/lv\/wp-json\/wp\/v2\/media?parent=45813"}],"wp:term":[{"taxonomy":"product_cat","embeddable":true,"href":"https:\/\/ramrolf.lv\/lv\/wp-json\/wp\/v2\/product_cat?post=45813"},{"taxonomy":"product_tag","embeddable":true,"href":"https:\/\/ramrolf.lv\/lv\/wp-json\/wp\/v2\/product_tag?post=45813"}],"curies":[{"name":"wp","href":"https:\/\/api.w.org\/{rel}","templated":true}]}}