{"id":45819,"date":"2018-11-28T13:59:31","date_gmt":"2018-11-28T10:59:31","guid":{"rendered":"http:\/\/www.ramrolf.eu\/product\/lvdomestos-lemon-750ml-tualetes-tirisanas-lidzeklis\/"},"modified":"2018-11-28T13:59:31","modified_gmt":"2018-11-28T10:59:31","slug":"lvdomestos-lemon-750ml-tualetes-tirisanas-lidzeklis","status":"publish","type":"product","link":"https:\/\/ramrolf.lv\/lv\/product\/lvdomestos-lemon-750ml-tualetes-tirisanas-lidzeklis\/","title":{"rendered":"DOMESTOS Lemon 750ml tualetes t\u012br\u012b\u0161anas l\u012bdzeklis"},"content":{"rendered":"","protected":false},"excerpt":{"rendered":"<p>Sanit\u0101ro telpu t\u012br\u012b\u0161anas l\u012bdzek\u013ci<\/p>\n","protected":false},"featured_media":45820,"template":"","meta":[],"product_cat":[503],"product_tag":[],"_links":{"self":[{"href":"https:\/\/ramrolf.lv\/lv\/wp-json\/wp\/v2\/product\/45819"}],"collection":[{"href":"https:\/\/ramrolf.lv\/lv\/wp-json\/wp\/v2\/product"}],"about":[{"href":"https:\/\/ramrolf.lv\/lv\/wp-json\/wp\/v2\/types\/product"}],"wp:featuredmedia":[{"embeddable":true,"href":"https:\/\/ramrolf.lv\/lv\/wp-json\/wp\/v2\/media\/45820"}],"wp:attachment":[{"href":"https:\/\/ramrolf.lv\/lv\/wp-json\/wp\/v2\/media?parent=45819"}],"wp:term":[{"taxonomy":"product_cat","embeddable":true,"href":"https:\/\/ramrolf.lv\/lv\/wp-json\/wp\/v2\/product_cat?post=45819"},{"taxonomy":"product_tag","embeddable":true,"href":"https:\/\/ramrolf.lv\/lv\/wp-json\/wp\/v2\/product_tag?post=45819"}],"curies":[{"name":"wp","href":"https:\/\/api.w.org\/{rel}","templated":true}]}}