{"id":45821,"date":"2018-11-28T13:59:32","date_gmt":"2018-11-28T10:59:32","guid":{"rendered":"http:\/\/www.ramrolf.eu\/product\/lvsano-maxima-javel-1-25kg-koncentrets-velas-pulveris\/"},"modified":"2018-11-28T13:59:32","modified_gmt":"2018-11-28T10:59:32","slug":"lvsano-maxima-javel-1-25kg-koncentrets-velas-pulveris","status":"publish","type":"product","link":"https:\/\/ramrolf.lv\/lv\/product\/lvsano-maxima-javel-1-25kg-koncentrets-velas-pulveris\/","title":{"rendered":"SANO Maxima Javel 1.25kg koncentr\u0113ts ve\u013cas pulveris"},"content":{"rendered":"","protected":false},"excerpt":{"rendered":"<p>Ve\u013cas mazg\u0101\u0161anas l\u012bdzek\u013ci<\/p>\n","protected":false},"featured_media":45822,"template":"","meta":[],"product_cat":[503],"product_tag":[],"_links":{"self":[{"href":"https:\/\/ramrolf.lv\/lv\/wp-json\/wp\/v2\/product\/45821"}],"collection":[{"href":"https:\/\/ramrolf.lv\/lv\/wp-json\/wp\/v2\/product"}],"about":[{"href":"https:\/\/ramrolf.lv\/lv\/wp-json\/wp\/v2\/types\/product"}],"wp:featuredmedia":[{"embeddable":true,"href":"https:\/\/ramrolf.lv\/lv\/wp-json\/wp\/v2\/media\/45822"}],"wp:attachment":[{"href":"https:\/\/ramrolf.lv\/lv\/wp-json\/wp\/v2\/media?parent=45821"}],"wp:term":[{"taxonomy":"product_cat","embeddable":true,"href":"https:\/\/ramrolf.lv\/lv\/wp-json\/wp\/v2\/product_cat?post=45821"},{"taxonomy":"product_tag","embeddable":true,"href":"https:\/\/ramrolf.lv\/lv\/wp-json\/wp\/v2\/product_tag?post=45821"}],"curies":[{"name":"wp","href":"https:\/\/api.w.org\/{rel}","templated":true}]}}