{"id":45857,"date":"2018-11-28T13:59:45","date_gmt":"2018-11-28T10:59:45","guid":{"rendered":"http:\/\/www.ramrolf.eu\/product\/lvtualetes-papirs-tork-advanced-mini-jumbo-t2-170m-2-slani\/"},"modified":"2018-11-28T13:59:45","modified_gmt":"2018-11-28T10:59:45","slug":"lvtualetes-papirs-tork-advanced-mini-jumbo-t2-170m-2-slani","status":"publish","type":"product","link":"https:\/\/ramrolf.lv\/lv\/product\/lvtualetes-papirs-tork-advanced-mini-jumbo-t2-170m-2-slani\/","title":{"rendered":"Tualetes pap\u012brs TORK Advanced,  Mini JUMBO T2,  170m,  2 sl\u0101\u0146i"},"content":{"rendered":"","protected":false},"excerpt":{"rendered":"<p>Tualetes pap\u012brs tur\u0113t\u0101jiem<\/p>\n","protected":false},"featured_media":45858,"template":"","meta":[],"product_cat":[511],"product_tag":[],"_links":{"self":[{"href":"https:\/\/ramrolf.lv\/lv\/wp-json\/wp\/v2\/product\/45857"}],"collection":[{"href":"https:\/\/ramrolf.lv\/lv\/wp-json\/wp\/v2\/product"}],"about":[{"href":"https:\/\/ramrolf.lv\/lv\/wp-json\/wp\/v2\/types\/product"}],"wp:featuredmedia":[{"embeddable":true,"href":"https:\/\/ramrolf.lv\/lv\/wp-json\/wp\/v2\/media\/45858"}],"wp:attachment":[{"href":"https:\/\/ramrolf.lv\/lv\/wp-json\/wp\/v2\/media?parent=45857"}],"wp:term":[{"taxonomy":"product_cat","embeddable":true,"href":"https:\/\/ramrolf.lv\/lv\/wp-json\/wp\/v2\/product_cat?post=45857"},{"taxonomy":"product_tag","embeddable":true,"href":"https:\/\/ramrolf.lv\/lv\/wp-json\/wp\/v2\/product_tag?post=45857"}],"curies":[{"name":"wp","href":"https:\/\/api.w.org\/{rel}","templated":true}]}}