{"id":45869,"date":"2018-11-28T13:59:50","date_gmt":"2018-11-28T10:59:50","guid":{"rendered":"http:\/\/www.ramrolf.eu\/product\/lvtualetes-papirs-tork-premium-soft-mini-jumbo-t2-170m-2slani\/"},"modified":"2018-11-28T13:59:50","modified_gmt":"2018-11-28T10:59:50","slug":"lvtualetes-papirs-tork-premium-soft-mini-jumbo-t2-170m-2slani","status":"publish","type":"product","link":"https:\/\/ramrolf.lv\/lv\/product\/lvtualetes-papirs-tork-premium-soft-mini-jumbo-t2-170m-2slani\/","title":{"rendered":"Tualetes pap\u012brs TORK Premium Soft Mini JUMBO T2,  170m 2sl\u0101\u0146i"},"content":{"rendered":"","protected":false},"excerpt":{"rendered":"<p>Tualetes pap\u012brs tur\u0113t\u0101jiem<\/p>\n","protected":false},"featured_media":45870,"template":"","meta":[],"product_cat":[511],"product_tag":[],"_links":{"self":[{"href":"https:\/\/ramrolf.lv\/lv\/wp-json\/wp\/v2\/product\/45869"}],"collection":[{"href":"https:\/\/ramrolf.lv\/lv\/wp-json\/wp\/v2\/product"}],"about":[{"href":"https:\/\/ramrolf.lv\/lv\/wp-json\/wp\/v2\/types\/product"}],"wp:featuredmedia":[{"embeddable":true,"href":"https:\/\/ramrolf.lv\/lv\/wp-json\/wp\/v2\/media\/45870"}],"wp:attachment":[{"href":"https:\/\/ramrolf.lv\/lv\/wp-json\/wp\/v2\/media?parent=45869"}],"wp:term":[{"taxonomy":"product_cat","embeddable":true,"href":"https:\/\/ramrolf.lv\/lv\/wp-json\/wp\/v2\/product_cat?post=45869"},{"taxonomy":"product_tag","embeddable":true,"href":"https:\/\/ramrolf.lv\/lv\/wp-json\/wp\/v2\/product_tag?post=45869"}],"curies":[{"name":"wp","href":"https:\/\/api.w.org\/{rel}","templated":true}]}}