{"id":45877,"date":"2018-11-28T13:59:53","date_gmt":"2018-11-28T10:59:53","guid":{"rendered":"http:\/\/www.ramrolf.eu\/product\/lvsano-maxima-bio-1-25kg-koncentrets-velas-pulveris\/"},"modified":"2018-11-28T13:59:53","modified_gmt":"2018-11-28T10:59:53","slug":"lvsano-maxima-bio-1-25kg-koncentrets-velas-pulveris","status":"publish","type":"product","link":"https:\/\/ramrolf.lv\/lv\/product\/lvsano-maxima-bio-1-25kg-koncentrets-velas-pulveris\/","title":{"rendered":"SANO Maxima Bio 1.25kg koncentr\u0113ts ve\u013cas pulveris"},"content":{"rendered":"","protected":false},"excerpt":{"rendered":"<p>Ve\u013cas mazg\u0101\u0161anas l\u012bdzek\u013ci<\/p>\n","protected":false},"featured_media":45878,"template":"","meta":[],"product_cat":[503],"product_tag":[],"_links":{"self":[{"href":"https:\/\/ramrolf.lv\/lv\/wp-json\/wp\/v2\/product\/45877"}],"collection":[{"href":"https:\/\/ramrolf.lv\/lv\/wp-json\/wp\/v2\/product"}],"about":[{"href":"https:\/\/ramrolf.lv\/lv\/wp-json\/wp\/v2\/types\/product"}],"wp:featuredmedia":[{"embeddable":true,"href":"https:\/\/ramrolf.lv\/lv\/wp-json\/wp\/v2\/media\/45878"}],"wp:attachment":[{"href":"https:\/\/ramrolf.lv\/lv\/wp-json\/wp\/v2\/media?parent=45877"}],"wp:term":[{"taxonomy":"product_cat","embeddable":true,"href":"https:\/\/ramrolf.lv\/lv\/wp-json\/wp\/v2\/product_cat?post=45877"},{"taxonomy":"product_tag","embeddable":true,"href":"https:\/\/ramrolf.lv\/lv\/wp-json\/wp\/v2\/product_tag?post=45877"}],"curies":[{"name":"wp","href":"https:\/\/api.w.org\/{rel}","templated":true}]}}