{"id":45893,"date":"2018-11-28T14:00:01","date_gmt":"2018-11-28T11:00:01","guid":{"rendered":"http:\/\/www.ramrolf.eu\/product\/lvskidras-ziepes-tork-extra-hygiene-s1-1000ml-antibakterialas\/"},"modified":"2018-11-28T14:00:01","modified_gmt":"2018-11-28T11:00:01","slug":"lvskidras-ziepes-tork-extra-hygiene-s1-1000ml-antibakterialas","status":"publish","type":"product","link":"https:\/\/ramrolf.lv\/lv\/product\/lvskidras-ziepes-tork-extra-hygiene-s1-1000ml-antibakterialas\/","title":{"rendered":"\u0160\u0137idr\u0101s ziepes TORK Extra Hygiene S1 1000ml,  antibakteri\u0101las"},"content":{"rendered":"","protected":false},"excerpt":{"rendered":"<p>Ziepes tur\u0113t\u0101jiem<\/p>\n","protected":false},"featured_media":45894,"template":"","meta":[],"product_cat":[508],"product_tag":[],"_links":{"self":[{"href":"https:\/\/ramrolf.lv\/lv\/wp-json\/wp\/v2\/product\/45893"}],"collection":[{"href":"https:\/\/ramrolf.lv\/lv\/wp-json\/wp\/v2\/product"}],"about":[{"href":"https:\/\/ramrolf.lv\/lv\/wp-json\/wp\/v2\/types\/product"}],"wp:featuredmedia":[{"embeddable":true,"href":"https:\/\/ramrolf.lv\/lv\/wp-json\/wp\/v2\/media\/45894"}],"wp:attachment":[{"href":"https:\/\/ramrolf.lv\/lv\/wp-json\/wp\/v2\/media?parent=45893"}],"wp:term":[{"taxonomy":"product_cat","embeddable":true,"href":"https:\/\/ramrolf.lv\/lv\/wp-json\/wp\/v2\/product_cat?post=45893"},{"taxonomy":"product_tag","embeddable":true,"href":"https:\/\/ramrolf.lv\/lv\/wp-json\/wp\/v2\/product_tag?post=45893"}],"curies":[{"name":"wp","href":"https:\/\/api.w.org\/{rel}","templated":true}]}}