{"id":45917,"date":"2018-11-28T14:00:18","date_gmt":"2018-11-28T11:00:18","guid":{"rendered":"http:\/\/www.ramrolf.eu\/product\/lvsano-jet-power-bathroom-750ml-tirisanas-lidz-vannasistabai\/"},"modified":"2018-11-28T14:00:18","modified_gmt":"2018-11-28T11:00:18","slug":"lvsano-jet-power-bathroom-750ml-tirisanas-lidz-vannasistabai","status":"publish","type":"product","link":"https:\/\/ramrolf.lv\/lv\/product\/lvsano-jet-power-bathroom-750ml-tirisanas-lidz-vannasistabai\/","title":{"rendered":"SANO Jet Power Bathroom 750ml t\u012br\u012b\u0161anas l\u012bdz. vannasistabai"},"content":{"rendered":"","protected":false},"excerpt":{"rendered":"<p>Univers\u0101lie t\u012br\u012b\u0161anas un mazg\u0101\u0161anas l\u012bdzek\u013ci<\/p>\n","protected":false},"featured_media":45918,"template":"","meta":[],"product_cat":[503],"product_tag":[],"_links":{"self":[{"href":"https:\/\/ramrolf.lv\/lv\/wp-json\/wp\/v2\/product\/45917"}],"collection":[{"href":"https:\/\/ramrolf.lv\/lv\/wp-json\/wp\/v2\/product"}],"about":[{"href":"https:\/\/ramrolf.lv\/lv\/wp-json\/wp\/v2\/types\/product"}],"wp:featuredmedia":[{"embeddable":true,"href":"https:\/\/ramrolf.lv\/lv\/wp-json\/wp\/v2\/media\/45918"}],"wp:attachment":[{"href":"https:\/\/ramrolf.lv\/lv\/wp-json\/wp\/v2\/media?parent=45917"}],"wp:term":[{"taxonomy":"product_cat","embeddable":true,"href":"https:\/\/ramrolf.lv\/lv\/wp-json\/wp\/v2\/product_cat?post=45917"},{"taxonomy":"product_tag","embeddable":true,"href":"https:\/\/ramrolf.lv\/lv\/wp-json\/wp\/v2\/product_tag?post=45917"}],"curies":[{"name":"wp","href":"https:\/\/api.w.org\/{rel}","templated":true}]}}