{"id":45923,"date":"2018-11-28T14:00:21","date_gmt":"2018-11-28T11:00:21","guid":{"rendered":"http:\/\/www.ramrolf.eu\/product\/lvdvieli-salvetes-tork-premium-soft-h2-2-slani-150salv\/"},"modified":"2018-11-28T14:00:21","modified_gmt":"2018-11-28T11:00:21","slug":"lvdvieli-salvetes-tork-premium-soft-h2-2-slani-150salv","status":"publish","type":"product","link":"https:\/\/ramrolf.lv\/lv\/product\/lvdvieli-salvetes-tork-premium-soft-h2-2-slani-150salv\/","title":{"rendered":"Dvie\u013ci-salvetes TORK Premium Soft H2,  2 sl\u0101\u0146i\/150salv."},"content":{"rendered":"","protected":false},"excerpt":{"rendered":"<p>Dvie\u013ci loksn\u0113s tur\u0113t\u0101jiem<\/p>\n","protected":false},"featured_media":45924,"template":"","meta":[],"product_cat":[510],"product_tag":[],"_links":{"self":[{"href":"https:\/\/ramrolf.lv\/lv\/wp-json\/wp\/v2\/product\/45923"}],"collection":[{"href":"https:\/\/ramrolf.lv\/lv\/wp-json\/wp\/v2\/product"}],"about":[{"href":"https:\/\/ramrolf.lv\/lv\/wp-json\/wp\/v2\/types\/product"}],"wp:featuredmedia":[{"embeddable":true,"href":"https:\/\/ramrolf.lv\/lv\/wp-json\/wp\/v2\/media\/45924"}],"wp:attachment":[{"href":"https:\/\/ramrolf.lv\/lv\/wp-json\/wp\/v2\/media?parent=45923"}],"wp:term":[{"taxonomy":"product_cat","embeddable":true,"href":"https:\/\/ramrolf.lv\/lv\/wp-json\/wp\/v2\/product_cat?post=45923"},{"taxonomy":"product_tag","embeddable":true,"href":"https:\/\/ramrolf.lv\/lv\/wp-json\/wp\/v2\/product_tag?post=45923"}],"curies":[{"name":"wp","href":"https:\/\/api.w.org\/{rel}","templated":true}]}}