{"id":45935,"date":"2018-11-28T14:00:25","date_gmt":"2018-11-28T11:00:25","guid":{"rendered":"http:\/\/www.ramrolf.eu\/product\/lvskidras-ziepes-palmolive-almond-milk-300ml\/"},"modified":"2018-11-28T14:00:25","modified_gmt":"2018-11-28T11:00:25","slug":"lvskidras-ziepes-palmolive-almond-milk-300ml","status":"publish","type":"product","link":"https:\/\/ramrolf.lv\/lv\/product\/lvskidras-ziepes-palmolive-almond-milk-300ml\/","title":{"rendered":"\u0160\u0137idr\u0101s ziepes PALMOLIVE Almond Milk 300ml"},"content":{"rendered":"","protected":false},"excerpt":{"rendered":"<p>\u0160\u0137idras ziepes<\/p>\n","protected":false},"featured_media":45936,"template":"","meta":[],"product_cat":[508],"product_tag":[],"_links":{"self":[{"href":"https:\/\/ramrolf.lv\/lv\/wp-json\/wp\/v2\/product\/45935"}],"collection":[{"href":"https:\/\/ramrolf.lv\/lv\/wp-json\/wp\/v2\/product"}],"about":[{"href":"https:\/\/ramrolf.lv\/lv\/wp-json\/wp\/v2\/types\/product"}],"wp:featuredmedia":[{"embeddable":true,"href":"https:\/\/ramrolf.lv\/lv\/wp-json\/wp\/v2\/media\/45936"}],"wp:attachment":[{"href":"https:\/\/ramrolf.lv\/lv\/wp-json\/wp\/v2\/media?parent=45935"}],"wp:term":[{"taxonomy":"product_cat","embeddable":true,"href":"https:\/\/ramrolf.lv\/lv\/wp-json\/wp\/v2\/product_cat?post=45935"},{"taxonomy":"product_tag","embeddable":true,"href":"https:\/\/ramrolf.lv\/lv\/wp-json\/wp\/v2\/product_tag?post=45935"}],"curies":[{"name":"wp","href":"https:\/\/api.w.org\/{rel}","templated":true}]}}