{"id":45943,"date":"2018-11-28T14:00:29","date_gmt":"2018-11-28T11:00:29","guid":{"rendered":"http:\/\/www.ramrolf.eu\/product\/lvkanalizacijas-attirisanas-lidzeklis-drain-opener-s-96-1-l\/"},"modified":"2018-11-28T14:00:29","modified_gmt":"2018-11-28T11:00:29","slug":"lvkanalizacijas-attirisanas-lidzeklis-drain-opener-s-96-1-l","status":"publish","type":"product","link":"https:\/\/ramrolf.lv\/lv\/product\/lvkanalizacijas-attirisanas-lidzeklis-drain-opener-s-96-1-l\/","title":{"rendered":"Kanaliz\u0101cijas att\u012br\u012b\u0161anas l\u012bdzeklis Drain Opener S 96,  1 L"},"content":{"rendered":"","protected":false},"excerpt":{"rendered":"<p>Speci\u0101l\u0101 sadz\u012bves \u0137\u012bmija<\/p>\n","protected":false},"featured_media":45944,"template":"","meta":[],"product_cat":[503],"product_tag":[],"_links":{"self":[{"href":"https:\/\/ramrolf.lv\/lv\/wp-json\/wp\/v2\/product\/45943"}],"collection":[{"href":"https:\/\/ramrolf.lv\/lv\/wp-json\/wp\/v2\/product"}],"about":[{"href":"https:\/\/ramrolf.lv\/lv\/wp-json\/wp\/v2\/types\/product"}],"wp:featuredmedia":[{"embeddable":true,"href":"https:\/\/ramrolf.lv\/lv\/wp-json\/wp\/v2\/media\/45944"}],"wp:attachment":[{"href":"https:\/\/ramrolf.lv\/lv\/wp-json\/wp\/v2\/media?parent=45943"}],"wp:term":[{"taxonomy":"product_cat","embeddable":true,"href":"https:\/\/ramrolf.lv\/lv\/wp-json\/wp\/v2\/product_cat?post=45943"},{"taxonomy":"product_tag","embeddable":true,"href":"https:\/\/ramrolf.lv\/lv\/wp-json\/wp\/v2\/product_tag?post=45943"}],"curies":[{"name":"wp","href":"https:\/\/api.w.org\/{rel}","templated":true}]}}