{"id":45967,"date":"2018-11-28T14:00:40","date_gmt":"2018-11-28T11:00:40","guid":{"rendered":"http:\/\/www.ramrolf.eu\/product\/lvvanish-white-traipu-tirisanas-lidzeklis-1l\/"},"modified":"2018-11-28T14:00:40","modified_gmt":"2018-11-28T11:00:40","slug":"lvvanish-white-traipu-tirisanas-lidzeklis-1l","status":"publish","type":"product","link":"https:\/\/ramrolf.lv\/lv\/product\/lvvanish-white-traipu-tirisanas-lidzeklis-1l\/","title":{"rendered":"VANISH White traipu t\u012br\u012b\u0161anas l\u012bdzeklis 1l"},"content":{"rendered":"","protected":false},"excerpt":{"rendered":"<p>Ve\u013cas mazg\u0101\u0161anas l\u012bdzek\u013ci<\/p>\n","protected":false},"featured_media":45968,"template":"","meta":[],"product_cat":[503],"product_tag":[],"_links":{"self":[{"href":"https:\/\/ramrolf.lv\/lv\/wp-json\/wp\/v2\/product\/45967"}],"collection":[{"href":"https:\/\/ramrolf.lv\/lv\/wp-json\/wp\/v2\/product"}],"about":[{"href":"https:\/\/ramrolf.lv\/lv\/wp-json\/wp\/v2\/types\/product"}],"wp:featuredmedia":[{"embeddable":true,"href":"https:\/\/ramrolf.lv\/lv\/wp-json\/wp\/v2\/media\/45968"}],"wp:attachment":[{"href":"https:\/\/ramrolf.lv\/lv\/wp-json\/wp\/v2\/media?parent=45967"}],"wp:term":[{"taxonomy":"product_cat","embeddable":true,"href":"https:\/\/ramrolf.lv\/lv\/wp-json\/wp\/v2\/product_cat?post=45967"},{"taxonomy":"product_tag","embeddable":true,"href":"https:\/\/ramrolf.lv\/lv\/wp-json\/wp\/v2\/product_tag?post=45967"}],"curies":[{"name":"wp","href":"https:\/\/api.w.org\/{rel}","templated":true}]}}