{"id":45979,"date":"2018-11-28T14:00:45","date_gmt":"2018-11-28T11:00:45","guid":{"rendered":"http:\/\/www.ramrolf.eu\/product\/lvdomestos-total-hygiene-wc-gel-lime-fresh-700ml\/"},"modified":"2018-11-28T14:00:45","modified_gmt":"2018-11-28T11:00:45","slug":"lvdomestos-total-hygiene-wc-gel-lime-fresh-700ml","status":"publish","type":"product","link":"https:\/\/ramrolf.lv\/lv\/product\/lvdomestos-total-hygiene-wc-gel-lime-fresh-700ml\/","title":{"rendered":"DOMESTOS Total Hygiene,  wc gel,  lime fresh,  700ml"},"content":{"rendered":"","protected":false},"excerpt":{"rendered":"<p>Sanit\u0101ro telpu t\u012br\u012b\u0161anas l\u012bdzek\u013ci<\/p>\n","protected":false},"featured_media":45980,"template":"","meta":[],"product_cat":[503],"product_tag":[],"_links":{"self":[{"href":"https:\/\/ramrolf.lv\/lv\/wp-json\/wp\/v2\/product\/45979"}],"collection":[{"href":"https:\/\/ramrolf.lv\/lv\/wp-json\/wp\/v2\/product"}],"about":[{"href":"https:\/\/ramrolf.lv\/lv\/wp-json\/wp\/v2\/types\/product"}],"wp:featuredmedia":[{"embeddable":true,"href":"https:\/\/ramrolf.lv\/lv\/wp-json\/wp\/v2\/media\/45980"}],"wp:attachment":[{"href":"https:\/\/ramrolf.lv\/lv\/wp-json\/wp\/v2\/media?parent=45979"}],"wp:term":[{"taxonomy":"product_cat","embeddable":true,"href":"https:\/\/ramrolf.lv\/lv\/wp-json\/wp\/v2\/product_cat?post=45979"},{"taxonomy":"product_tag","embeddable":true,"href":"https:\/\/ramrolf.lv\/lv\/wp-json\/wp\/v2\/product_tag?post=45979"}],"curies":[{"name":"wp","href":"https:\/\/api.w.org\/{rel}","templated":true}]}}