{"id":45997,"date":"2018-11-28T14:00:53","date_gmt":"2018-11-28T11:00:53","guid":{"rendered":"http:\/\/www.ramrolf.eu\/product\/lvliekskere-ar-slotinu-maltex\/"},"modified":"2018-11-28T14:00:53","modified_gmt":"2018-11-28T11:00:53","slug":"lvliekskere-ar-slotinu-maltex","status":"publish","type":"product","link":"https:\/\/ramrolf.lv\/lv\/product\/lvliekskere-ar-slotinu-maltex\/","title":{"rendered":"Liek\u0161\u0137ere ar sloti\u0146u Maltex"},"content":{"rendered":"","protected":false},"excerpt":{"rendered":"<p>Slotas, mopi, birstes, liek\u0161\u0137eres<\/p>\n","protected":false},"featured_media":45998,"template":"","meta":[],"product_cat":[506],"product_tag":[],"_links":{"self":[{"href":"https:\/\/ramrolf.lv\/lv\/wp-json\/wp\/v2\/product\/45997"}],"collection":[{"href":"https:\/\/ramrolf.lv\/lv\/wp-json\/wp\/v2\/product"}],"about":[{"href":"https:\/\/ramrolf.lv\/lv\/wp-json\/wp\/v2\/types\/product"}],"wp:featuredmedia":[{"embeddable":true,"href":"https:\/\/ramrolf.lv\/lv\/wp-json\/wp\/v2\/media\/45998"}],"wp:attachment":[{"href":"https:\/\/ramrolf.lv\/lv\/wp-json\/wp\/v2\/media?parent=45997"}],"wp:term":[{"taxonomy":"product_cat","embeddable":true,"href":"https:\/\/ramrolf.lv\/lv\/wp-json\/wp\/v2\/product_cat?post=45997"},{"taxonomy":"product_tag","embeddable":true,"href":"https:\/\/ramrolf.lv\/lv\/wp-json\/wp\/v2\/product_tag?post=45997"}],"curies":[{"name":"wp","href":"https:\/\/api.w.org\/{rel}","templated":true}]}}