{"id":46003,"date":"2018-11-28T14:00:57","date_gmt":"2018-11-28T11:00:57","guid":{"rendered":"http:\/\/www.ramrolf.eu\/product\/lvdvieli-salvetes-tork-universal-c-fold-h3-25x31cm-192-loksn\/"},"modified":"2018-11-28T14:00:57","modified_gmt":"2018-11-28T11:00:57","slug":"lvdvieli-salvetes-tork-universal-c-fold-h3-25x31cm-192-loksn","status":"publish","type":"product","link":"https:\/\/ramrolf.lv\/lv\/product\/lvdvieli-salvetes-tork-universal-c-fold-h3-25x31cm-192-loksn\/","title":{"rendered":"*Dvie\u013ci-salvetes TORK Universal C Fold H3,  25x31cm, 192 loksn"},"content":{"rendered":"","protected":false},"excerpt":{"rendered":"<p>Dvie\u013ci loksn\u0113s tur\u0113t\u0101jiem<\/p>\n","protected":false},"featured_media":46004,"template":"","meta":[],"product_cat":[510],"product_tag":[],"_links":{"self":[{"href":"https:\/\/ramrolf.lv\/lv\/wp-json\/wp\/v2\/product\/46003"}],"collection":[{"href":"https:\/\/ramrolf.lv\/lv\/wp-json\/wp\/v2\/product"}],"about":[{"href":"https:\/\/ramrolf.lv\/lv\/wp-json\/wp\/v2\/types\/product"}],"wp:featuredmedia":[{"embeddable":true,"href":"https:\/\/ramrolf.lv\/lv\/wp-json\/wp\/v2\/media\/46004"}],"wp:attachment":[{"href":"https:\/\/ramrolf.lv\/lv\/wp-json\/wp\/v2\/media?parent=46003"}],"wp:term":[{"taxonomy":"product_cat","embeddable":true,"href":"https:\/\/ramrolf.lv\/lv\/wp-json\/wp\/v2\/product_cat?post=46003"},{"taxonomy":"product_tag","embeddable":true,"href":"https:\/\/ramrolf.lv\/lv\/wp-json\/wp\/v2\/product_tag?post=46003"}],"curies":[{"name":"wp","href":"https:\/\/api.w.org\/{rel}","templated":true}]}}