{"id":46007,"date":"2018-11-28T14:00:59","date_gmt":"2018-11-28T11:00:59","guid":{"rendered":"http:\/\/www.ramrolf.eu\/product\/lvsano-poliwix-2l-parketa-un-koka-gridu-tirisanai\/"},"modified":"2018-11-28T14:00:59","modified_gmt":"2018-11-28T11:00:59","slug":"lvsano-poliwix-2l-parketa-un-koka-gridu-tirisanai","status":"publish","type":"product","link":"https:\/\/ramrolf.lv\/lv\/product\/lvsano-poliwix-2l-parketa-un-koka-gridu-tirisanai\/","title":{"rendered":"SANO Poliwix 2L parketa un koka gr\u012bdu t\u012br\u012b\u0161anai"},"content":{"rendered":"","protected":false},"excerpt":{"rendered":"<p>Gr\u012bdu kop\u0161anas l\u012bdzek\u013ci<\/p>\n","protected":false},"featured_media":46008,"template":"","meta":[],"product_cat":[503],"product_tag":[],"_links":{"self":[{"href":"https:\/\/ramrolf.lv\/lv\/wp-json\/wp\/v2\/product\/46007"}],"collection":[{"href":"https:\/\/ramrolf.lv\/lv\/wp-json\/wp\/v2\/product"}],"about":[{"href":"https:\/\/ramrolf.lv\/lv\/wp-json\/wp\/v2\/types\/product"}],"wp:featuredmedia":[{"embeddable":true,"href":"https:\/\/ramrolf.lv\/lv\/wp-json\/wp\/v2\/media\/46008"}],"wp:attachment":[{"href":"https:\/\/ramrolf.lv\/lv\/wp-json\/wp\/v2\/media?parent=46007"}],"wp:term":[{"taxonomy":"product_cat","embeddable":true,"href":"https:\/\/ramrolf.lv\/lv\/wp-json\/wp\/v2\/product_cat?post=46007"},{"taxonomy":"product_tag","embeddable":true,"href":"https:\/\/ramrolf.lv\/lv\/wp-json\/wp\/v2\/product_tag?post=46007"}],"curies":[{"name":"wp","href":"https:\/\/api.w.org\/{rel}","templated":true}]}}