{"id":46011,"date":"2018-11-28T14:01:01","date_gmt":"2018-11-28T11:01:01","guid":{"rendered":"http:\/\/www.ramrolf.eu\/product\/lvliekskere-ar-slotinu-3m-scotch-brite-ar-gumiju\/"},"modified":"2018-11-28T14:01:01","modified_gmt":"2018-11-28T11:01:01","slug":"lvliekskere-ar-slotinu-3m-scotch-brite-ar-gumiju","status":"publish","type":"product","link":"https:\/\/ramrolf.lv\/lv\/product\/lvliekskere-ar-slotinu-3m-scotch-brite-ar-gumiju\/","title":{"rendered":"Liek\u0161\u0137ere ar sloti\u0146u 3M Scotch-Brite,  ar gumiju"},"content":{"rendered":"","protected":false},"excerpt":{"rendered":"<p>Slotas, mopi, birstes, liek\u0161\u0137eres<\/p>\n","protected":false},"featured_media":46012,"template":"","meta":[],"product_cat":[506],"product_tag":[],"_links":{"self":[{"href":"https:\/\/ramrolf.lv\/lv\/wp-json\/wp\/v2\/product\/46011"}],"collection":[{"href":"https:\/\/ramrolf.lv\/lv\/wp-json\/wp\/v2\/product"}],"about":[{"href":"https:\/\/ramrolf.lv\/lv\/wp-json\/wp\/v2\/types\/product"}],"wp:featuredmedia":[{"embeddable":true,"href":"https:\/\/ramrolf.lv\/lv\/wp-json\/wp\/v2\/media\/46012"}],"wp:attachment":[{"href":"https:\/\/ramrolf.lv\/lv\/wp-json\/wp\/v2\/media?parent=46011"}],"wp:term":[{"taxonomy":"product_cat","embeddable":true,"href":"https:\/\/ramrolf.lv\/lv\/wp-json\/wp\/v2\/product_cat?post=46011"},{"taxonomy":"product_tag","embeddable":true,"href":"https:\/\/ramrolf.lv\/lv\/wp-json\/wp\/v2\/product_tag?post=46011"}],"curies":[{"name":"wp","href":"https:\/\/api.w.org\/{rel}","templated":true}]}}