{"id":46017,"date":"2018-11-28T14:01:04","date_gmt":"2018-11-28T11:01:04","guid":{"rendered":"http:\/\/www.ramrolf.eu\/product\/lvdomestos-zero-lime-tualetes-tirisanas-lidzeklis-750ml\/"},"modified":"2018-11-28T14:01:04","modified_gmt":"2018-11-28T11:01:04","slug":"lvdomestos-zero-lime-tualetes-tirisanas-lidzeklis-750ml","status":"publish","type":"product","link":"https:\/\/ramrolf.lv\/lv\/product\/lvdomestos-zero-lime-tualetes-tirisanas-lidzeklis-750ml\/","title":{"rendered":"DOMESTOS ZERO LIME tualetes t\u012br\u012b\u0161anas l\u012bdzeklis,  750ml"},"content":{"rendered":"","protected":false},"excerpt":{"rendered":"<p>Sanit\u0101ro telpu t\u012br\u012b\u0161anas l\u012bdzek\u013ci<\/p>\n","protected":false},"featured_media":46018,"template":"","meta":[],"product_cat":[503],"product_tag":[],"_links":{"self":[{"href":"https:\/\/ramrolf.lv\/lv\/wp-json\/wp\/v2\/product\/46017"}],"collection":[{"href":"https:\/\/ramrolf.lv\/lv\/wp-json\/wp\/v2\/product"}],"about":[{"href":"https:\/\/ramrolf.lv\/lv\/wp-json\/wp\/v2\/types\/product"}],"wp:featuredmedia":[{"embeddable":true,"href":"https:\/\/ramrolf.lv\/lv\/wp-json\/wp\/v2\/media\/46018"}],"wp:attachment":[{"href":"https:\/\/ramrolf.lv\/lv\/wp-json\/wp\/v2\/media?parent=46017"}],"wp:term":[{"taxonomy":"product_cat","embeddable":true,"href":"https:\/\/ramrolf.lv\/lv\/wp-json\/wp\/v2\/product_cat?post=46017"},{"taxonomy":"product_tag","embeddable":true,"href":"https:\/\/ramrolf.lv\/lv\/wp-json\/wp\/v2\/product_tag?post=46017"}],"curies":[{"name":"wp","href":"https:\/\/api.w.org\/{rel}","templated":true}]}}