{"id":46025,"date":"2018-11-28T14:01:08","date_gmt":"2018-11-28T11:01:08","guid":{"rendered":"http:\/\/www.ramrolf.eu\/product\/lvtualetes-papirs-katrin-basic-system-toilet-115m-1-slanis\/"},"modified":"2018-11-28T14:01:08","modified_gmt":"2018-11-28T11:01:08","slug":"lvtualetes-papirs-katrin-basic-system-toilet-115m-1-slanis","status":"publish","type":"product","link":"https:\/\/ramrolf.lv\/lv\/product\/lvtualetes-papirs-katrin-basic-system-toilet-115m-1-slanis\/","title":{"rendered":"Tualetes pap\u012brs KATRIN Basic System Toilet,  115m,  1 sl\u0101nis"},"content":{"rendered":"","protected":false},"excerpt":{"rendered":"<p>Tualetes pap\u012brs tur\u0113t\u0101jiem<\/p>\n","protected":false},"featured_media":46026,"template":"","meta":[],"product_cat":[511],"product_tag":[],"_links":{"self":[{"href":"https:\/\/ramrolf.lv\/lv\/wp-json\/wp\/v2\/product\/46025"}],"collection":[{"href":"https:\/\/ramrolf.lv\/lv\/wp-json\/wp\/v2\/product"}],"about":[{"href":"https:\/\/ramrolf.lv\/lv\/wp-json\/wp\/v2\/types\/product"}],"wp:featuredmedia":[{"embeddable":true,"href":"https:\/\/ramrolf.lv\/lv\/wp-json\/wp\/v2\/media\/46026"}],"wp:attachment":[{"href":"https:\/\/ramrolf.lv\/lv\/wp-json\/wp\/v2\/media?parent=46025"}],"wp:term":[{"taxonomy":"product_cat","embeddable":true,"href":"https:\/\/ramrolf.lv\/lv\/wp-json\/wp\/v2\/product_cat?post=46025"},{"taxonomy":"product_tag","embeddable":true,"href":"https:\/\/ramrolf.lv\/lv\/wp-json\/wp\/v2\/product_tag?post=46025"}],"curies":[{"name":"wp","href":"https:\/\/api.w.org\/{rel}","templated":true}]}}