{"id":46058,"date":"2018-11-28T14:01:25","date_gmt":"2018-11-28T11:01:25","guid":{"rendered":"http:\/\/www.ramrolf.eu\/product\/lvdvielis-tork-advanced-h1-150m-2-slani\/"},"modified":"2018-11-28T14:01:25","modified_gmt":"2018-11-28T11:01:25","slug":"lvdvielis-tork-advanced-h1-150m-2-slani","status":"publish","type":"product","link":"https:\/\/ramrolf.lv\/lv\/product\/lvdvielis-tork-advanced-h1-150m-2-slani\/","title":{"rendered":"Dvielis TORK Advanced H1 150m,  2 sl\u0101\u0146i"},"content":{"rendered":"","protected":false},"excerpt":{"rendered":"<p>Dvie\u013ci ru\u013c\u013cos tur\u0113t\u0101jiem<\/p>\n","protected":false},"featured_media":46059,"template":"","meta":[],"product_cat":[510],"product_tag":[],"_links":{"self":[{"href":"https:\/\/ramrolf.lv\/lv\/wp-json\/wp\/v2\/product\/46058"}],"collection":[{"href":"https:\/\/ramrolf.lv\/lv\/wp-json\/wp\/v2\/product"}],"about":[{"href":"https:\/\/ramrolf.lv\/lv\/wp-json\/wp\/v2\/types\/product"}],"wp:featuredmedia":[{"embeddable":true,"href":"https:\/\/ramrolf.lv\/lv\/wp-json\/wp\/v2\/media\/46059"}],"wp:attachment":[{"href":"https:\/\/ramrolf.lv\/lv\/wp-json\/wp\/v2\/media?parent=46058"}],"wp:term":[{"taxonomy":"product_cat","embeddable":true,"href":"https:\/\/ramrolf.lv\/lv\/wp-json\/wp\/v2\/product_cat?post=46058"},{"taxonomy":"product_tag","embeddable":true,"href":"https:\/\/ramrolf.lv\/lv\/wp-json\/wp\/v2\/product_tag?post=46058"}],"curies":[{"name":"wp","href":"https:\/\/api.w.org\/{rel}","templated":true}]}}