{"id":46060,"date":"2018-11-28T14:01:26","date_gmt":"2018-11-28T11:01:26","guid":{"rendered":"http:\/\/www.ramrolf.eu\/product\/lvf10-multi-purpose-cleaner-5l-gridu-tirisanas-lidzeklis\/"},"modified":"2018-11-28T14:01:26","modified_gmt":"2018-11-28T11:01:26","slug":"lvf10-multi-purpose-cleaner-5l-gridu-tirisanas-lidzeklis","status":"publish","type":"product","link":"https:\/\/ramrolf.lv\/lv\/product\/lvf10-multi-purpose-cleaner-5l-gridu-tirisanas-lidzeklis\/","title":{"rendered":"F10 MULTI-PURPOSE Cleaner 5L gr\u012bdu t\u012br\u012b\u0161anas l\u012bdzeklis"},"content":{"rendered":"","protected":false},"excerpt":{"rendered":"<p>Gr\u012bdu kop\u0161anas l\u012bdzek\u013ci<\/p>\n","protected":false},"featured_media":46061,"template":"","meta":[],"product_cat":[503],"product_tag":[],"_links":{"self":[{"href":"https:\/\/ramrolf.lv\/lv\/wp-json\/wp\/v2\/product\/46060"}],"collection":[{"href":"https:\/\/ramrolf.lv\/lv\/wp-json\/wp\/v2\/product"}],"about":[{"href":"https:\/\/ramrolf.lv\/lv\/wp-json\/wp\/v2\/types\/product"}],"wp:featuredmedia":[{"embeddable":true,"href":"https:\/\/ramrolf.lv\/lv\/wp-json\/wp\/v2\/media\/46061"}],"wp:attachment":[{"href":"https:\/\/ramrolf.lv\/lv\/wp-json\/wp\/v2\/media?parent=46060"}],"wp:term":[{"taxonomy":"product_cat","embeddable":true,"href":"https:\/\/ramrolf.lv\/lv\/wp-json\/wp\/v2\/product_cat?post=46060"},{"taxonomy":"product_tag","embeddable":true,"href":"https:\/\/ramrolf.lv\/lv\/wp-json\/wp\/v2\/product_tag?post=46060"}],"curies":[{"name":"wp","href":"https:\/\/api.w.org\/{rel}","templated":true}]}}