{"id":46082,"date":"2018-11-28T14:01:36","date_gmt":"2018-11-28T11:01:36","guid":{"rendered":"http:\/\/www.ramrolf.eu\/product\/lvapavu-spodrinasanas-svammite-kiwi-express-shine-neitrala-kr\/"},"modified":"2018-11-28T14:01:36","modified_gmt":"2018-11-28T11:01:36","slug":"lvapavu-spodrinasanas-svammite-kiwi-express-shine-neitrala-kr","status":"publish","type":"product","link":"https:\/\/ramrolf.lv\/lv\/product\/lvapavu-spodrinasanas-svammite-kiwi-express-shine-neitrala-kr\/","title":{"rendered":"Apavu spodrin\u0101\u0161anas \u0161vamm\u012bte KIWI Express Shine,  neitr\u0101la kr"},"content":{"rendered":"","protected":false},"excerpt":{"rendered":"<p>Speci\u0101l\u0101 sadz\u012bves \u0137\u012bmija<\/p>\n","protected":false},"featured_media":46083,"template":"","meta":[],"product_cat":[503],"product_tag":[],"_links":{"self":[{"href":"https:\/\/ramrolf.lv\/lv\/wp-json\/wp\/v2\/product\/46082"}],"collection":[{"href":"https:\/\/ramrolf.lv\/lv\/wp-json\/wp\/v2\/product"}],"about":[{"href":"https:\/\/ramrolf.lv\/lv\/wp-json\/wp\/v2\/types\/product"}],"wp:featuredmedia":[{"embeddable":true,"href":"https:\/\/ramrolf.lv\/lv\/wp-json\/wp\/v2\/media\/46083"}],"wp:attachment":[{"href":"https:\/\/ramrolf.lv\/lv\/wp-json\/wp\/v2\/media?parent=46082"}],"wp:term":[{"taxonomy":"product_cat","embeddable":true,"href":"https:\/\/ramrolf.lv\/lv\/wp-json\/wp\/v2\/product_cat?post=46082"},{"taxonomy":"product_tag","embeddable":true,"href":"https:\/\/ramrolf.lv\/lv\/wp-json\/wp\/v2\/product_tag?post=46082"}],"curies":[{"name":"wp","href":"https:\/\/api.w.org\/{rel}","templated":true}]}}