{"id":46090,"date":"2018-11-28T14:01:38","date_gmt":"2018-11-28T11:01:38","guid":{"rendered":"http:\/\/www.ramrolf.eu\/product\/lvcimdi-2-pari-saimniecibas-un-darza-darbiem-m-8\/"},"modified":"2018-11-28T14:01:38","modified_gmt":"2018-11-28T11:01:38","slug":"lvcimdi-2-pari-saimniecibas-un-darza-darbiem-m-8","status":"publish","type":"product","link":"https:\/\/ramrolf.lv\/lv\/product\/lvcimdi-2-pari-saimniecibas-un-darza-darbiem-m-8\/","title":{"rendered":"Cimdi 2 p\u0101ri,  saimniec\u012bbas un d\u0101rza darbiem M\/8"},"content":{"rendered":"","protected":false},"excerpt":{"rendered":"<p>Cimdi<\/p>\n","protected":false},"featured_media":46091,"template":"","meta":[],"product_cat":[506],"product_tag":[],"_links":{"self":[{"href":"https:\/\/ramrolf.lv\/lv\/wp-json\/wp\/v2\/product\/46090"}],"collection":[{"href":"https:\/\/ramrolf.lv\/lv\/wp-json\/wp\/v2\/product"}],"about":[{"href":"https:\/\/ramrolf.lv\/lv\/wp-json\/wp\/v2\/types\/product"}],"wp:featuredmedia":[{"embeddable":true,"href":"https:\/\/ramrolf.lv\/lv\/wp-json\/wp\/v2\/media\/46091"}],"wp:attachment":[{"href":"https:\/\/ramrolf.lv\/lv\/wp-json\/wp\/v2\/media?parent=46090"}],"wp:term":[{"taxonomy":"product_cat","embeddable":true,"href":"https:\/\/ramrolf.lv\/lv\/wp-json\/wp\/v2\/product_cat?post=46090"},{"taxonomy":"product_tag","embeddable":true,"href":"https:\/\/ramrolf.lv\/lv\/wp-json\/wp\/v2\/product_tag?post=46090"}],"curies":[{"name":"wp","href":"https:\/\/api.w.org\/{rel}","templated":true}]}}