{"id":46094,"date":"2018-11-28T14:01:40","date_gmt":"2018-11-28T11:01:40","guid":{"rendered":"http:\/\/www.ramrolf.eu\/product\/lvkats-metala-130cm-tts1035\/"},"modified":"2018-11-28T14:01:40","modified_gmt":"2018-11-28T11:01:40","slug":"lvkats-metala-130cm-tts1035","status":"publish","type":"product","link":"https:\/\/ramrolf.lv\/lv\/product\/lvkats-metala-130cm-tts1035\/","title":{"rendered":"K\u0101ts met\u0101la 130cm TTS1035"},"content":{"rendered":"","protected":false},"excerpt":{"rendered":"<p>Slotas, mopi, birstes, liek\u0161\u0137eres<\/p>\n","protected":false},"featured_media":46095,"template":"","meta":[],"product_cat":[506],"product_tag":[],"_links":{"self":[{"href":"https:\/\/ramrolf.lv\/lv\/wp-json\/wp\/v2\/product\/46094"}],"collection":[{"href":"https:\/\/ramrolf.lv\/lv\/wp-json\/wp\/v2\/product"}],"about":[{"href":"https:\/\/ramrolf.lv\/lv\/wp-json\/wp\/v2\/types\/product"}],"wp:featuredmedia":[{"embeddable":true,"href":"https:\/\/ramrolf.lv\/lv\/wp-json\/wp\/v2\/media\/46095"}],"wp:attachment":[{"href":"https:\/\/ramrolf.lv\/lv\/wp-json\/wp\/v2\/media?parent=46094"}],"wp:term":[{"taxonomy":"product_cat","embeddable":true,"href":"https:\/\/ramrolf.lv\/lv\/wp-json\/wp\/v2\/product_cat?post=46094"},{"taxonomy":"product_tag","embeddable":true,"href":"https:\/\/ramrolf.lv\/lv\/wp-json\/wp\/v2\/product_tag?post=46094"}],"curies":[{"name":"wp","href":"https:\/\/api.w.org\/{rel}","templated":true}]}}